{"id":4775,"date":"2025-09-01T10:44:38","date_gmt":"2025-09-01T08:44:38","guid":{"rendered":"https:\/\/bilanciailcd.it\/it\/?post_type=product&#038;p=4775"},"modified":"2025-09-01T11:08:26","modified_gmt":"2025-09-01T09:08:26","slug":"bilancia-elettronica-gc-mach-120-uel","status":"publish","type":"product","link":"https:\/\/bilanciailcd.it\/it\/prodotto\/bilancia-elettronica-gc-mach-120-uel\/","title":{"rendered":"Bilancia elettronica GC-MACH 120-UEL"},"content":{"rendered":"<p><strong>GC-MACH 120-UEL<\/strong><br \/>\n<strong>BILANCIA ELETTRONICA COLLEGABILE A SISTEMI GESTIONALI<\/strong><\/p>\n<p>A fare la differenza sono le linee moderne unite ad alcuni dettagli vintage, un display grande e luminoso ed una tastiera ampia con linee fluide caratterizzata da una membrana ad alta sensibilit\u00e0 capace di resistere ad acqua, farine, terra e ogni altro agente esterno. La struttura in metallo, i piedini ispirati ai mitici anni \u201860 si fondono con la modernit\u00e0 delle soluzioni tecniche di ITALIANA MACCHI dando vita ad un prodotto completo e adatto ad ogni tipo di mercato. Un prodotto destinato ad accontentare le principali esigenze del mercato, ad arricchire con stile e fantasia ogni reparto soddisfacendo ogni gusto e necessit\u00e0 con un approccio unico.<\/p>\n<p>La collaudata stampante Custom, a caricamento facilitato, per chi non ha tempo di cambiare il rotolo e vuole praticit\u00e0 e velocit\u00e0<br \/>\nDisplay ancora pi\u00f9 innovativo nelle dimensioni ma soprattutto nella luminosit\u00e0 e nel contrasto il visore LCD retroilluminato a LED dell\u2019intera gamma UNICA<br \/>\nAmpia tastiera a membrana ad alta sensibilit\u00e0, protetta da acqua, farine, terra e ogni altro agente esterno, con 34 PLU diretti, \u00e8 la tastiera standard delle bilance UNICA. Altra soluzione possibile sar\u00e0 la versione con la tradizionale tastiera meccanica<br \/>\nFino a 6 bilance collegabili in rete grazie alla versione NET permettono alla UNICA di dare vita ad un piccolo network di servizio. Disponibile anche il collegamento wireless come accessorio alla bilancia standard. Gestione della programmazione delle bilance possibile attraverso il software applicativo inserito nel PC Suite<\/p>","protected":false},"excerpt":{"rendered":"<p>GC-MACH 120-UEL BILANCIA ELETTRONICA COLLEGABILE A SISTEMI GESTIONALI A fare la differenza sono le linee moderne unite ad alcuni dettagli vintage, un display grande e luminoso ed una tastiera ampia con linee fluide caratterizzata da una membrana ad alta sensibilit\u00e0 capace di resistere ad acqua, farine, terra e ogni altro agente esterno. La struttura in [&hellip;]<\/p>\n","protected":false},"featured_media":4776,"template":"","meta":{"_acf_changed":false},"product_cat":[44,41],"product_tag":[],"class_list":{"0":"post-4775","1":"product","2":"type-product","3":"status-publish","4":"has-post-thumbnail","6":"product_cat-soluzioni-retail","7":"product_cat-bilance-retail","9":"first","10":"instock","11":"taxable","12":"shipping-taxable","13":"purchasable","14":"product-type-simple"},"acf":[],"yoast_head":"<!-- This site is optimized with the Yoast SEO plugin v27.4 - https:\/\/yoast.com\/product\/yoast-seo-wordpress\/ -->\n<title>Bilancia elettronica GC-MACH 120-UEL - LCD Strumenti per pesare<\/title>\n<meta name=\"description\" content=\"BILANCIA ELETTRONICA COLLEGABILE A SISTEMI GESTIONALI. Acquista online\" \/>\n<meta name=\"robots\" content=\"index, follow, max-snippet:-1, max-image-preview:large, max-video-preview:-1\" \/>\n<link rel=\"canonical\" href=\"https:\/\/bilanciailcd.it\/it\/prodotto\/bilancia-elettronica-gc-mach-120-uel\/\" \/>\n<meta property=\"og:locale\" content=\"it_IT\" \/>\n<meta property=\"og:type\" content=\"article\" \/>\n<meta property=\"og:title\" content=\"Bilancia elettronica GC-MACH 120-UEL - LCD Strumenti per pesare\" \/>\n<meta property=\"og:description\" content=\"BILANCIA ELETTRONICA COLLEGABILE A SISTEMI GESTIONALI. Acquista online\" \/>\n<meta property=\"og:url\" content=\"https:\/\/bilanciailcd.it\/it\/prodotto\/bilancia-elettronica-gc-mach-120-uel\/\" \/>\n<meta property=\"og:site_name\" content=\"LCD Strumenti per pesare\" \/>\n<meta property=\"article:modified_time\" content=\"2025-09-01T09:08:26+00:00\" \/>\n<meta property=\"og:image\" content=\"https:\/\/bilanciailcd.it\/wp-content\/uploads\/2025\/09\/Tavola-disegno-1-80.jpg\" \/>\n\t<meta property=\"og:image:width\" content=\"600\" \/>\n\t<meta property=\"og:image:height\" content=\"600\" \/>\n\t<meta property=\"og:image:type\" content=\"image\/jpeg\" \/>\n<meta name=\"twitter:card\" content=\"summary_large_image\" \/>\n<meta name=\"twitter:label1\" content=\"Tempo di lettura stimato\" \/>\n\t<meta name=\"twitter:data1\" content=\"2 minuti\" \/>\n<script type=\"application\/ld+json\" class=\"yoast-schema-graph\">{\"@context\":\"https:\\\/\\\/schema.org\",\"@graph\":[{\"@type\":\"WebPage\",\"@id\":\"https:\\\/\\\/bilanciailcd.it\\\/it\\\/prodotto\\\/bilancia-elettronica-gc-mach-120-uel\\\/\",\"url\":\"https:\\\/\\\/bilanciailcd.it\\\/it\\\/prodotto\\\/bilancia-elettronica-gc-mach-120-uel\\\/\",\"name\":\"Bilancia elettronica GC-MACH 120-UEL - LCD Strumenti per pesare\",\"isPartOf\":{\"@id\":\"https:\\\/\\\/bilanciailcd.it\\\/it\\\/#website\"},\"primaryImageOfPage\":{\"@id\":\"https:\\\/\\\/bilanciailcd.it\\\/it\\\/prodotto\\\/bilancia-elettronica-gc-mach-120-uel\\\/#primaryimage\"},\"image\":{\"@id\":\"https:\\\/\\\/bilanciailcd.it\\\/it\\\/prodotto\\\/bilancia-elettronica-gc-mach-120-uel\\\/#primaryimage\"},\"thumbnailUrl\":\"https:\\\/\\\/bilanciailcd.it\\\/wp-content\\\/uploads\\\/2025\\\/09\\\/Tavola-disegno-1-80.jpg\",\"datePublished\":\"2025-09-01T08:44:38+00:00\",\"dateModified\":\"2025-09-01T09:08:26+00:00\",\"description\":\"BILANCIA ELETTRONICA COLLEGABILE A SISTEMI GESTIONALI. Acquista online\",\"breadcrumb\":{\"@id\":\"https:\\\/\\\/bilanciailcd.it\\\/it\\\/prodotto\\\/bilancia-elettronica-gc-mach-120-uel\\\/#breadcrumb\"},\"inLanguage\":\"it-IT\",\"potentialAction\":[{\"@type\":\"ReadAction\",\"target\":[[\"https:\\\/\\\/bilanciailcd.it\\\/it\\\/prodotto\\\/bilancia-elettronica-gc-mach-120-uel\\\/\"]]}]},{\"@type\":\"ImageObject\",\"inLanguage\":\"it-IT\",\"@id\":\"https:\\\/\\\/bilanciailcd.it\\\/it\\\/prodotto\\\/bilancia-elettronica-gc-mach-120-uel\\\/#primaryimage\",\"url\":\"https:\\\/\\\/bilanciailcd.it\\\/wp-content\\\/uploads\\\/2025\\\/09\\\/Tavola-disegno-1-80.jpg\",\"contentUrl\":\"https:\\\/\\\/bilanciailcd.it\\\/wp-content\\\/uploads\\\/2025\\\/09\\\/Tavola-disegno-1-80.jpg\",\"width\":600,\"height\":600},{\"@type\":\"BreadcrumbList\",\"@id\":\"https:\\\/\\\/bilanciailcd.it\\\/it\\\/prodotto\\\/bilancia-elettronica-gc-mach-120-uel\\\/#breadcrumb\",\"itemListElement\":[{\"@type\":\"ListItem\",\"position\":1,\"name\":\"Home\",\"item\":\"https:\\\/\\\/bilanciailcd.it\\\/it\\\/\"},{\"@type\":\"ListItem\",\"position\":2,\"name\":\"Shop\",\"item\":\"https:\\\/\\\/bilanciailcd.it\\\/it\\\/negozio\\\/\"},{\"@type\":\"ListItem\",\"position\":3,\"name\":\"Bilancia elettronica GC-MACH 120-UEL\"}]},{\"@type\":\"WebSite\",\"@id\":\"https:\\\/\\\/bilanciailcd.it\\\/it\\\/#website\",\"url\":\"https:\\\/\\\/bilanciailcd.it\\\/it\\\/\",\"name\":\"LCD Strumenti per pesare\",\"description\":\"Pesatura industriale\",\"potentialAction\":[{\"@type\":\"SearchAction\",\"target\":{\"@type\":\"EntryPoint\",\"urlTemplate\":\"https:\\\/\\\/bilanciailcd.it\\\/it\\\/?s={search_term_string}\"},\"query-input\":{\"@type\":\"PropertyValueSpecification\",\"valueRequired\":true,\"valueName\":\"search_term_string\"}}],\"inLanguage\":\"it-IT\"}]}<\/script>\n<!-- \/ Yoast SEO plugin. -->","yoast_head_json":{"title":"Bilancia elettronica GC-MACH 120-UEL - LCD Strumenti per pesare","description":"BILANCIA ELETTRONICA COLLEGABILE A SISTEMI GESTIONALI. Acquista online","robots":{"index":"index","follow":"follow","max-snippet":"max-snippet:-1","max-image-preview":"max-image-preview:large","max-video-preview":"max-video-preview:-1"},"canonical":"https:\/\/bilanciailcd.it\/it\/prodotto\/bilancia-elettronica-gc-mach-120-uel\/","og_locale":"it_IT","og_type":"article","og_title":"Bilancia elettronica GC-MACH 120-UEL - LCD Strumenti per pesare","og_description":"BILANCIA ELETTRONICA COLLEGABILE A SISTEMI GESTIONALI. Acquista online","og_url":"https:\/\/bilanciailcd.it\/it\/prodotto\/bilancia-elettronica-gc-mach-120-uel\/","og_site_name":"LCD Strumenti per pesare","article_modified_time":"2025-09-01T09:08:26+00:00","og_image":[{"width":600,"height":600,"url":"https:\/\/bilanciailcd.it\/wp-content\/uploads\/2025\/09\/Tavola-disegno-1-80.jpg","type":"image\/jpeg"}],"twitter_card":"summary_large_image","twitter_misc":{"Tempo di lettura stimato":"2 minuti"},"schema":{"@context":"https:\/\/schema.org","@graph":[{"@type":"WebPage","@id":"https:\/\/bilanciailcd.it\/it\/prodotto\/bilancia-elettronica-gc-mach-120-uel\/","url":"https:\/\/bilanciailcd.it\/it\/prodotto\/bilancia-elettronica-gc-mach-120-uel\/","name":"Bilancia elettronica GC-MACH 120-UEL - LCD Strumenti per pesare","isPartOf":{"@id":"https:\/\/bilanciailcd.it\/it\/#website"},"primaryImageOfPage":{"@id":"https:\/\/bilanciailcd.it\/it\/prodotto\/bilancia-elettronica-gc-mach-120-uel\/#primaryimage"},"image":{"@id":"https:\/\/bilanciailcd.it\/it\/prodotto\/bilancia-elettronica-gc-mach-120-uel\/#primaryimage"},"thumbnailUrl":"https:\/\/bilanciailcd.it\/wp-content\/uploads\/2025\/09\/Tavola-disegno-1-80.jpg","datePublished":"2025-09-01T08:44:38+00:00","dateModified":"2025-09-01T09:08:26+00:00","description":"BILANCIA ELETTRONICA COLLEGABILE A SISTEMI GESTIONALI. Acquista online","breadcrumb":{"@id":"https:\/\/bilanciailcd.it\/it\/prodotto\/bilancia-elettronica-gc-mach-120-uel\/#breadcrumb"},"inLanguage":"it-IT","potentialAction":[{"@type":"ReadAction","target":[["https:\/\/bilanciailcd.it\/it\/prodotto\/bilancia-elettronica-gc-mach-120-uel\/"]]}]},{"@type":"ImageObject","inLanguage":"it-IT","@id":"https:\/\/bilanciailcd.it\/it\/prodotto\/bilancia-elettronica-gc-mach-120-uel\/#primaryimage","url":"https:\/\/bilanciailcd.it\/wp-content\/uploads\/2025\/09\/Tavola-disegno-1-80.jpg","contentUrl":"https:\/\/bilanciailcd.it\/wp-content\/uploads\/2025\/09\/Tavola-disegno-1-80.jpg","width":600,"height":600},{"@type":"BreadcrumbList","@id":"https:\/\/bilanciailcd.it\/it\/prodotto\/bilancia-elettronica-gc-mach-120-uel\/#breadcrumb","itemListElement":[{"@type":"ListItem","position":1,"name":"Home","item":"https:\/\/bilanciailcd.it\/it\/"},{"@type":"ListItem","position":2,"name":"Shop","item":"https:\/\/bilanciailcd.it\/it\/negozio\/"},{"@type":"ListItem","position":3,"name":"Bilancia elettronica GC-MACH 120-UEL"}]},{"@type":"WebSite","@id":"https:\/\/bilanciailcd.it\/it\/#website","url":"https:\/\/bilanciailcd.it\/it\/","name":"LCD Strumenti per pesare","description":"Pesatura industriale","potentialAction":[{"@type":"SearchAction","target":{"@type":"EntryPoint","urlTemplate":"https:\/\/bilanciailcd.it\/it\/?s={search_term_string}"},"query-input":{"@type":"PropertyValueSpecification","valueRequired":true,"valueName":"search_term_string"}}],"inLanguage":"it-IT"}]}},"_links":{"self":[{"href":"https:\/\/bilanciailcd.it\/it\/wp-json\/wp\/v2\/product\/4775","targetHints":{"allow":["GET"]}}],"collection":[{"href":"https:\/\/bilanciailcd.it\/it\/wp-json\/wp\/v2\/product"}],"about":[{"href":"https:\/\/bilanciailcd.it\/it\/wp-json\/wp\/v2\/types\/product"}],"wp:featuredmedia":[{"embeddable":true,"href":"https:\/\/bilanciailcd.it\/it\/wp-json\/wp\/v2\/media\/4776"}],"wp:attachment":[{"href":"https:\/\/bilanciailcd.it\/it\/wp-json\/wp\/v2\/media?parent=4775"}],"wp:term":[{"taxonomy":"product_cat","embeddable":true,"href":"https:\/\/bilanciailcd.it\/it\/wp-json\/wp\/v2\/product_cat?post=4775"},{"taxonomy":"product_tag","embeddable":true,"href":"https:\/\/bilanciailcd.it\/it\/wp-json\/wp\/v2\/product_tag?post=4775"}],"curies":[{"name":"wp","href":"https:\/\/api.w.org\/{rel}","templated":true}]}}