{"id":4114,"date":"2023-10-03T11:48:18","date_gmt":"2023-10-03T09:48:18","guid":{"rendered":"https:\/\/bilanciailcd.it\/?post_type=product&#038;p=4114"},"modified":"2023-10-04T09:41:13","modified_gmt":"2023-10-04T07:41:13","slug":"stampante-termica-gc-bfv4t","status":"publish","type":"product","link":"https:\/\/bilanciailcd.it\/it\/prodotto\/stampante-termica-gc-bfv4t\/","title":{"rendered":"Stampante termica GC-BFV4T"},"content":{"rendered":"<p>La stampante termica per etichette GC-BFV4T \u00e8 adatta per produrre etichette in qualsiasi ambiente, con molteplici applicazioni. Grande flessibilit\u00e0, velocit\u00e0 di stampa, semplicit\u00e0 nella manutenzione e bassi costi di esercizio.<\/p>\n<p><strong>Possibilit\u00e0 di personalizzare le etichette con il logo aziendale<\/strong>.<\/p>\n<p>Convenienza e alte performance con la stampante a trasferimento termico GC-BFV4T.<br \/>\nPer assicurare un basso costo di TCO, questa etichettatrice termica pu\u00f2 utilizzare nastri con anime da \u00bd pollice oppure i pi\u00f9 economici e produttivi nastri da 1 pollice (300 m di lunghezza) per ridurre gli interventi di sostituzione dei supporti e ottimizzare il workflow.<\/p>\n<p>L\u2019innovativa tecnologia concentrata in un design compatto per un ingombro molto ridotto. Il sistema \u00e8 conforme ai pi\u00f9 elevati standard ambientali ed \u00e8 certificato ENERGY STAR\u00ae.<\/p>\n<p><strong>Risoluzione<\/strong> 203 dpi, 300 dpi<br \/>\n<strong>Memoria<\/strong> 32 MB (Flash ROM), 16 MB (SD-RAM)<br \/>\n<strong>Larghezza di stampa<\/strong> 4,25 pollici (108 mm) (203 dpi), 4,16 pollici (105,7 mm) (300 dpi)<br \/>\n<strong>Lunghezza massima di stampa<\/strong> Max. 997 mm (203 dpi), Max. 455,2 mm (300 dpi)<br \/>\n<strong>Velocit\u00e0 massima di stampa<\/strong> Fino a 6 ips (152,4 mm\/sec) (203 dpi), Fino a 4 ips (101,6 mm\/sec) (300 dpi)<\/p>\n<p>&nbsp;<\/p>","protected":false},"excerpt":{"rendered":"<p>La stampante termica per etichette GC-BFV4T \u00e8 adatta per produrre etichette in qualsiasi ambiente, con molteplici applicazioni. Grande flessibilit\u00e0, velocit\u00e0 di stampa, semplicit\u00e0 nella manutenzione e bassi costi di esercizio. Possibilit\u00e0 di personalizzare le etichette con il logo aziendale. Convenienza e alte performance con la stampante a trasferimento termico GC-BFV4T. Per assicurare un basso costo [&hellip;]<\/p>\n","protected":false},"featured_media":4126,"template":"","meta":{"_acf_changed":false},"product_cat":[42,26],"product_tag":[],"class_list":{"0":"post-4114","1":"product","2":"type-product","3":"status-publish","4":"has-post-thumbnail","6":"product_cat-strumentazione-elettronica","7":"product_cat-stampanti","9":"first","10":"instock","11":"taxable","12":"shipping-taxable","13":"product-type-simple"},"acf":[],"yoast_head":"<!-- This site is optimized with the Yoast SEO plugin v27.4 - https:\/\/yoast.com\/product\/yoast-seo-wordpress\/ -->\n<title>Stampante termica GC-BFV4T - LCD Strumenti per pesare<\/title>\n<meta name=\"robots\" content=\"index, follow, max-snippet:-1, max-image-preview:large, max-video-preview:-1\" \/>\n<link rel=\"canonical\" href=\"https:\/\/bilanciailcd.it\/it\/prodotto\/stampante-termica-gc-bfv4t\/\" \/>\n<meta property=\"og:locale\" content=\"it_IT\" \/>\n<meta property=\"og:type\" content=\"article\" \/>\n<meta property=\"og:title\" content=\"Stampante termica GC-BFV4T - LCD Strumenti per pesare\" \/>\n<meta property=\"og:description\" content=\"La stampante termica per etichette GC-BFV4T \u00e8 adatta per produrre etichette in qualsiasi ambiente, con molteplici applicazioni. Grande flessibilit\u00e0, velocit\u00e0 di stampa, semplicit\u00e0 nella manutenzione e bassi costi di esercizio. Possibilit\u00e0 di personalizzare le etichette con il logo aziendale. Convenienza e alte performance con la stampante a trasferimento termico GC-BFV4T. Per assicurare un basso costo [&hellip;]\" \/>\n<meta property=\"og:url\" content=\"https:\/\/bilanciailcd.it\/it\/prodotto\/stampante-termica-gc-bfv4t\/\" \/>\n<meta property=\"og:site_name\" content=\"LCD Strumenti per pesare\" \/>\n<meta property=\"article:modified_time\" content=\"2023-10-04T07:41:13+00:00\" \/>\n<meta property=\"og:image\" content=\"https:\/\/bilanciailcd.it\/wp-content\/uploads\/2023\/10\/GC-BFV4T-4.jpg\" \/>\n\t<meta property=\"og:image:width\" content=\"800\" \/>\n\t<meta property=\"og:image:height\" content=\"800\" \/>\n\t<meta property=\"og:image:type\" content=\"image\/jpeg\" \/>\n<meta name=\"twitter:card\" content=\"summary_large_image\" \/>\n<meta name=\"twitter:label1\" content=\"Tempo di lettura stimato\" \/>\n\t<meta name=\"twitter:data1\" content=\"1 minuto\" \/>\n<script type=\"application\/ld+json\" class=\"yoast-schema-graph\">{\"@context\":\"https:\\\/\\\/schema.org\",\"@graph\":[{\"@type\":\"WebPage\",\"@id\":\"https:\\\/\\\/bilanciailcd.it\\\/it\\\/prodotto\\\/stampante-termica-gc-bfv4t\\\/\",\"url\":\"https:\\\/\\\/bilanciailcd.it\\\/it\\\/prodotto\\\/stampante-termica-gc-bfv4t\\\/\",\"name\":\"Stampante termica GC-BFV4T - LCD Strumenti per pesare\",\"isPartOf\":{\"@id\":\"https:\\\/\\\/bilanciailcd.it\\\/it\\\/#website\"},\"primaryImageOfPage\":{\"@id\":\"https:\\\/\\\/bilanciailcd.it\\\/it\\\/prodotto\\\/stampante-termica-gc-bfv4t\\\/#primaryimage\"},\"image\":{\"@id\":\"https:\\\/\\\/bilanciailcd.it\\\/prodotto\\\/stampante-termica-gc-bfv4t\\\/#primaryimage\"},\"thumbnailUrl\":\"https:\\\/\\\/bilanciailcd.it\\\/wp-content\\\/uploads\\\/2023\\\/10\\\/GC-BFV4T-4.jpg\",\"datePublished\":\"2023-10-03T09:48:18+00:00\",\"dateModified\":\"2023-10-04T07:41:13+00:00\",\"breadcrumb\":{\"@id\":\"https:\\\/\\\/bilanciailcd.it\\\/it\\\/prodotto\\\/stampante-termica-gc-bfv4t\\\/#breadcrumb\"},\"inLanguage\":\"it-IT\",\"potentialAction\":[{\"@type\":\"ReadAction\",\"target\":[[\"https:\\\/\\\/bilanciailcd.it\\\/it\\\/prodotto\\\/stampante-termica-gc-bfv4t\\\/\"]]}]},{\"@type\":\"ImageObject\",\"inLanguage\":\"it-IT\",\"@id\":\"https:\\\/\\\/bilanciailcd.it\\\/it\\\/prodotto\\\/stampante-termica-gc-bfv4t\\\/#primaryimage\",\"url\":\"https:\\\/\\\/bilanciailcd.it\\\/wp-content\\\/uploads\\\/2023\\\/10\\\/GC-BFV4T-4.jpg\",\"contentUrl\":\"https:\\\/\\\/bilanciailcd.it\\\/wp-content\\\/uploads\\\/2023\\\/10\\\/GC-BFV4T-4.jpg\",\"width\":800,\"height\":800},{\"@type\":\"BreadcrumbList\",\"@id\":\"https:\\\/\\\/bilanciailcd.it\\\/it\\\/prodotto\\\/stampante-termica-gc-bfv4t\\\/#breadcrumb\",\"itemListElement\":[{\"@type\":\"ListItem\",\"position\":1,\"name\":\"Home\",\"item\":\"https:\\\/\\\/bilanciailcd.it\\\/it\\\/\"},{\"@type\":\"ListItem\",\"position\":2,\"name\":\"Shop\",\"item\":\"https:\\\/\\\/bilanciailcd.it\\\/it\\\/negozio\\\/\"},{\"@type\":\"ListItem\",\"position\":3,\"name\":\"Stampante termica GC-BFV4T\"}]},{\"@type\":\"WebSite\",\"@id\":\"https:\\\/\\\/bilanciailcd.it\\\/it\\\/#website\",\"url\":\"https:\\\/\\\/bilanciailcd.it\\\/it\\\/\",\"name\":\"LCD Strumenti per pesare\",\"description\":\"Pesatura industriale\",\"potentialAction\":[{\"@type\":\"SearchAction\",\"target\":{\"@type\":\"EntryPoint\",\"urlTemplate\":\"https:\\\/\\\/bilanciailcd.it\\\/it\\\/?s={search_term_string}\"},\"query-input\":{\"@type\":\"PropertyValueSpecification\",\"valueRequired\":true,\"valueName\":\"search_term_string\"}}],\"inLanguage\":\"it-IT\"}]}<\/script>\n<!-- \/ Yoast SEO plugin. -->","yoast_head_json":{"title":"Stampante termica GC-BFV4T - LCD Strumenti per pesare","robots":{"index":"index","follow":"follow","max-snippet":"max-snippet:-1","max-image-preview":"max-image-preview:large","max-video-preview":"max-video-preview:-1"},"canonical":"https:\/\/bilanciailcd.it\/it\/prodotto\/stampante-termica-gc-bfv4t\/","og_locale":"it_IT","og_type":"article","og_title":"Stampante termica GC-BFV4T - LCD Strumenti per pesare","og_description":"La stampante termica per etichette GC-BFV4T \u00e8 adatta per produrre etichette in qualsiasi ambiente, con molteplici applicazioni. Grande flessibilit\u00e0, velocit\u00e0 di stampa, semplicit\u00e0 nella manutenzione e bassi costi di esercizio. Possibilit\u00e0 di personalizzare le etichette con il logo aziendale. Convenienza e alte performance con la stampante a trasferimento termico GC-BFV4T. Per assicurare un basso costo [&hellip;]","og_url":"https:\/\/bilanciailcd.it\/it\/prodotto\/stampante-termica-gc-bfv4t\/","og_site_name":"LCD Strumenti per pesare","article_modified_time":"2023-10-04T07:41:13+00:00","og_image":[{"width":800,"height":800,"url":"https:\/\/bilanciailcd.it\/wp-content\/uploads\/2023\/10\/GC-BFV4T-4.jpg","type":"image\/jpeg"}],"twitter_card":"summary_large_image","twitter_misc":{"Tempo di lettura stimato":"1 minuto"},"schema":{"@context":"https:\/\/schema.org","@graph":[{"@type":"WebPage","@id":"https:\/\/bilanciailcd.it\/it\/prodotto\/stampante-termica-gc-bfv4t\/","url":"https:\/\/bilanciailcd.it\/it\/prodotto\/stampante-termica-gc-bfv4t\/","name":"Stampante termica GC-BFV4T - LCD Strumenti per pesare","isPartOf":{"@id":"https:\/\/bilanciailcd.it\/it\/#website"},"primaryImageOfPage":{"@id":"https:\/\/bilanciailcd.it\/it\/prodotto\/stampante-termica-gc-bfv4t\/#primaryimage"},"image":{"@id":"https:\/\/bilanciailcd.it\/prodotto\/stampante-termica-gc-bfv4t\/#primaryimage"},"thumbnailUrl":"https:\/\/bilanciailcd.it\/wp-content\/uploads\/2023\/10\/GC-BFV4T-4.jpg","datePublished":"2023-10-03T09:48:18+00:00","dateModified":"2023-10-04T07:41:13+00:00","breadcrumb":{"@id":"https:\/\/bilanciailcd.it\/it\/prodotto\/stampante-termica-gc-bfv4t\/#breadcrumb"},"inLanguage":"it-IT","potentialAction":[{"@type":"ReadAction","target":[["https:\/\/bilanciailcd.it\/it\/prodotto\/stampante-termica-gc-bfv4t\/"]]}]},{"@type":"ImageObject","inLanguage":"it-IT","@id":"https:\/\/bilanciailcd.it\/it\/prodotto\/stampante-termica-gc-bfv4t\/#primaryimage","url":"https:\/\/bilanciailcd.it\/wp-content\/uploads\/2023\/10\/GC-BFV4T-4.jpg","contentUrl":"https:\/\/bilanciailcd.it\/wp-content\/uploads\/2023\/10\/GC-BFV4T-4.jpg","width":800,"height":800},{"@type":"BreadcrumbList","@id":"https:\/\/bilanciailcd.it\/it\/prodotto\/stampante-termica-gc-bfv4t\/#breadcrumb","itemListElement":[{"@type":"ListItem","position":1,"name":"Home","item":"https:\/\/bilanciailcd.it\/it\/"},{"@type":"ListItem","position":2,"name":"Shop","item":"https:\/\/bilanciailcd.it\/it\/negozio\/"},{"@type":"ListItem","position":3,"name":"Stampante termica GC-BFV4T"}]},{"@type":"WebSite","@id":"https:\/\/bilanciailcd.it\/it\/#website","url":"https:\/\/bilanciailcd.it\/it\/","name":"LCD Strumenti per pesare","description":"Pesatura industriale","potentialAction":[{"@type":"SearchAction","target":{"@type":"EntryPoint","urlTemplate":"https:\/\/bilanciailcd.it\/it\/?s={search_term_string}"},"query-input":{"@type":"PropertyValueSpecification","valueRequired":true,"valueName":"search_term_string"}}],"inLanguage":"it-IT"}]}},"_links":{"self":[{"href":"https:\/\/bilanciailcd.it\/it\/wp-json\/wp\/v2\/product\/4114","targetHints":{"allow":["GET"]}}],"collection":[{"href":"https:\/\/bilanciailcd.it\/it\/wp-json\/wp\/v2\/product"}],"about":[{"href":"https:\/\/bilanciailcd.it\/it\/wp-json\/wp\/v2\/types\/product"}],"wp:featuredmedia":[{"embeddable":true,"href":"https:\/\/bilanciailcd.it\/it\/wp-json\/wp\/v2\/media\/4126"}],"wp:attachment":[{"href":"https:\/\/bilanciailcd.it\/it\/wp-json\/wp\/v2\/media?parent=4114"}],"wp:term":[{"taxonomy":"product_cat","embeddable":true,"href":"https:\/\/bilanciailcd.it\/it\/wp-json\/wp\/v2\/product_cat?post=4114"},{"taxonomy":"product_tag","embeddable":true,"href":"https:\/\/bilanciailcd.it\/it\/wp-json\/wp\/v2\/product_tag?post=4114"}],"curies":[{"name":"wp","href":"https:\/\/api.w.org\/{rel}","templated":true}]}}