{"id":4027,"date":"2023-02-19T17:30:16","date_gmt":"2023-02-19T16:30:16","guid":{"rendered":"https:\/\/bilanciailcd.it\/?post_type=product&#038;p=4027"},"modified":"2023-02-19T17:58:51","modified_gmt":"2023-02-19T16:58:51","slug":"gc-la800-indicatore-di-peso-digitale-acciaio-inox-con-display-touch-a-colori-omologato-ce","status":"publish","type":"product","link":"https:\/\/bilanciailcd.it\/it\/prodotto\/gc-la800-indicatore-di-peso-digitale-acciaio-inox-con-display-touch-a-colori-omologato-ce\/","title":{"rendered":"GC-LA800 Indicatore di peso digitale Acciaio Inox con display Touch a colori Omologato CE"},"content":{"rendered":"<p>Indicatore digitale di peso Mod. LA800 in Acciaio Inox con display touch screen 7\u2033 a colori retroilluminato (800&#215;480 pixe) e tastiera QWERTY con touch panel resistivo integrato.<\/p>\n<p>L\u2019ampia capacit\u00e0 di memoria consente la gestione di un archivio prodotti a ciascuno dei quali pu\u00f2 essere abbinato un file di ingredienti, un archivio clienti e un archivio categorie.<br \/>\nCalcolo Importo Totale in base al prezzo unitario abbinato al merceologico. Gestione dati di tracciabilit\u00e0. Gestione dei pi\u00f9 comuni Bar Code. Formati stampa etichette personalizzabili. Di serie \u00e8 dotato di 4 porte seriali, Ethernet, USB per Pen Drive e USB per PC sezione I\/O con n\u00b0 4 Out e n\u00b0 4 Input. CPU a 32 bit con Sistema Operativo Linux.<\/p>\n<p><strong>Modalit\u00e0 Software<\/strong><\/p>\n<p>Peso Prezzo Importo<br \/>\nFormulazione con ricette<br \/>\nPesatura con Ingresso e Uscita per Pesa a Ponte<br \/>\nFunzioni<\/p>\n<p>Azzeramento, Tara autopesata , Tara numerica impostabile<br \/>\nArchivio Tare , Moltiplicatore tare<br \/>\nTotalizzazione pesate con tre livelli di Totale<br \/>\nArchivio Merceologici, ingredienti, Clienti e Categorie<\/p>\n<p><strong>Sezione I \/ O<\/strong><\/p>\n<p>Uscita dati RS232 per collegamento a PC e ripetitore<br \/>\nUscita dati RS232 per collegamento a stampante<br \/>\nUscita dati USB per Pen Drive<br \/>\nUscita dati USB per PC<br \/>\nUscita dati RS422 \/ RS485<br \/>\nUscita Ethernet per connessione a rete LAN cablata<br \/>\nUscita Ethernet per connessione a rete Wi-Fi ( Opzione )<br \/>\nn\u00b0 4 Output a rel\u00e8<\/p>","protected":false},"excerpt":{"rendered":"<p>Indicatore digitale di peso Mod. LA800 in Acciaio Inox con display touch screen 7\u2033 a colori retroilluminato (800&#215;480 pixe) e tastiera QWERTY con touch panel resistivo integrato. L\u2019ampia capacit\u00e0 di memoria consente la gestione di un archivio prodotti a ciascuno dei quali pu\u00f2 essere abbinato un file di ingredienti, un archivio clienti e un archivio [&hellip;]<\/p>\n","protected":false},"featured_media":4028,"template":"","meta":{"_acf_changed":false},"product_cat":[42,25],"product_tag":[],"class_list":{"0":"post-4027","1":"product","2":"type-product","3":"status-publish","4":"has-post-thumbnail","6":"product_cat-strumentazione-elettronica","7":"product_cat-indicatori-di-peso","9":"first","10":"instock","11":"taxable","12":"shipping-taxable","13":"product-type-simple"},"acf":[],"yoast_head":"<!-- This site is optimized with the Yoast SEO plugin v27.4 - https:\/\/yoast.com\/product\/yoast-seo-wordpress\/ -->\n<title>GC-LA800 Indicatore di peso digitale Acciaio Inox con display Touch a colori Omologato CE - LCD Strumenti per pesare<\/title>\n<meta name=\"robots\" content=\"index, follow, max-snippet:-1, max-image-preview:large, max-video-preview:-1\" \/>\n<link rel=\"canonical\" href=\"https:\/\/bilanciailcd.it\/it\/prodotto\/gc-la800-indicatore-di-peso-digitale-acciaio-inox-con-display-touch-a-colori-omologato-ce\/\" \/>\n<meta property=\"og:locale\" content=\"it_IT\" \/>\n<meta property=\"og:type\" content=\"article\" \/>\n<meta property=\"og:title\" content=\"GC-LA800 Indicatore di peso digitale Acciaio Inox con display Touch a colori Omologato CE - LCD Strumenti per pesare\" \/>\n<meta property=\"og:description\" content=\"Indicatore digitale di peso Mod. LA800 in Acciaio Inox con display touch screen 7\u2033 a colori retroilluminato (800&#215;480 pixe) e tastiera QWERTY con touch panel resistivo integrato. L\u2019ampia capacit\u00e0 di memoria consente la gestione di un archivio prodotti a ciascuno dei quali pu\u00f2 essere abbinato un file di ingredienti, un archivio clienti e un archivio [&hellip;]\" \/>\n<meta property=\"og:url\" content=\"https:\/\/bilanciailcd.it\/it\/prodotto\/gc-la800-indicatore-di-peso-digitale-acciaio-inox-con-display-touch-a-colori-omologato-ce\/\" \/>\n<meta property=\"og:site_name\" content=\"LCD Strumenti per pesare\" \/>\n<meta property=\"article:modified_time\" content=\"2023-02-19T16:58:51+00:00\" \/>\n<meta property=\"og:image\" content=\"https:\/\/bilanciailcd.it\/wp-content\/uploads\/2023\/02\/GC-LA800.jpg\" \/>\n\t<meta property=\"og:image:width\" content=\"1449\" \/>\n\t<meta property=\"og:image:height\" content=\"1178\" \/>\n\t<meta property=\"og:image:type\" content=\"image\/jpeg\" \/>\n<meta name=\"twitter:card\" content=\"summary_large_image\" \/>\n<meta name=\"twitter:label1\" content=\"Tempo di lettura stimato\" \/>\n\t<meta name=\"twitter:data1\" content=\"2 minuti\" \/>\n<script type=\"application\/ld+json\" class=\"yoast-schema-graph\">{\"@context\":\"https:\\\/\\\/schema.org\",\"@graph\":[{\"@type\":\"WebPage\",\"@id\":\"https:\\\/\\\/bilanciailcd.it\\\/it\\\/prodotto\\\/gc-la800-indicatore-di-peso-digitale-acciaio-inox-con-display-touch-a-colori-omologato-ce\\\/\",\"url\":\"https:\\\/\\\/bilanciailcd.it\\\/it\\\/prodotto\\\/gc-la800-indicatore-di-peso-digitale-acciaio-inox-con-display-touch-a-colori-omologato-ce\\\/\",\"name\":\"GC-LA800 Indicatore di peso digitale Acciaio Inox con display Touch a colori Omologato CE - LCD Strumenti per pesare\",\"isPartOf\":{\"@id\":\"https:\\\/\\\/bilanciailcd.it\\\/it\\\/#website\"},\"primaryImageOfPage\":{\"@id\":\"https:\\\/\\\/bilanciailcd.it\\\/it\\\/prodotto\\\/gc-la800-indicatore-di-peso-digitale-acciaio-inox-con-display-touch-a-colori-omologato-ce\\\/#primaryimage\"},\"image\":{\"@id\":\"https:\\\/\\\/bilanciailcd.it\\\/prodotto\\\/gc-la800-indicatore-di-peso-digitale-acciaio-inox-con-display-touch-a-colori-omologato-ce\\\/#primaryimage\"},\"thumbnailUrl\":\"https:\\\/\\\/bilanciailcd.it\\\/wp-content\\\/uploads\\\/2023\\\/02\\\/GC-LA800.jpg\",\"datePublished\":\"2023-02-19T16:30:16+00:00\",\"dateModified\":\"2023-02-19T16:58:51+00:00\",\"breadcrumb\":{\"@id\":\"https:\\\/\\\/bilanciailcd.it\\\/it\\\/prodotto\\\/gc-la800-indicatore-di-peso-digitale-acciaio-inox-con-display-touch-a-colori-omologato-ce\\\/#breadcrumb\"},\"inLanguage\":\"it-IT\",\"potentialAction\":[{\"@type\":\"ReadAction\",\"target\":[[\"https:\\\/\\\/bilanciailcd.it\\\/it\\\/prodotto\\\/gc-la800-indicatore-di-peso-digitale-acciaio-inox-con-display-touch-a-colori-omologato-ce\\\/\"]]}]},{\"@type\":\"ImageObject\",\"inLanguage\":\"it-IT\",\"@id\":\"https:\\\/\\\/bilanciailcd.it\\\/it\\\/prodotto\\\/gc-la800-indicatore-di-peso-digitale-acciaio-inox-con-display-touch-a-colori-omologato-ce\\\/#primaryimage\",\"url\":\"https:\\\/\\\/bilanciailcd.it\\\/wp-content\\\/uploads\\\/2023\\\/02\\\/GC-LA800.jpg\",\"contentUrl\":\"https:\\\/\\\/bilanciailcd.it\\\/wp-content\\\/uploads\\\/2023\\\/02\\\/GC-LA800.jpg\",\"width\":1449,\"height\":1178},{\"@type\":\"BreadcrumbList\",\"@id\":\"https:\\\/\\\/bilanciailcd.it\\\/it\\\/prodotto\\\/gc-la800-indicatore-di-peso-digitale-acciaio-inox-con-display-touch-a-colori-omologato-ce\\\/#breadcrumb\",\"itemListElement\":[{\"@type\":\"ListItem\",\"position\":1,\"name\":\"Home\",\"item\":\"https:\\\/\\\/bilanciailcd.it\\\/it\\\/\"},{\"@type\":\"ListItem\",\"position\":2,\"name\":\"Shop\",\"item\":\"https:\\\/\\\/bilanciailcd.it\\\/it\\\/negozio\\\/\"},{\"@type\":\"ListItem\",\"position\":3,\"name\":\"GC-LA800 Indicatore di peso digitale Acciaio Inox con display Touch a colori Omologato CE\"}]},{\"@type\":\"WebSite\",\"@id\":\"https:\\\/\\\/bilanciailcd.it\\\/it\\\/#website\",\"url\":\"https:\\\/\\\/bilanciailcd.it\\\/it\\\/\",\"name\":\"LCD Strumenti per pesare\",\"description\":\"Pesatura industriale\",\"potentialAction\":[{\"@type\":\"SearchAction\",\"target\":{\"@type\":\"EntryPoint\",\"urlTemplate\":\"https:\\\/\\\/bilanciailcd.it\\\/it\\\/?s={search_term_string}\"},\"query-input\":{\"@type\":\"PropertyValueSpecification\",\"valueRequired\":true,\"valueName\":\"search_term_string\"}}],\"inLanguage\":\"it-IT\"}]}<\/script>\n<!-- \/ Yoast SEO plugin. -->","yoast_head_json":{"title":"GC-LA800 Indicatore di peso digitale Acciaio Inox con display Touch a colori Omologato CE - LCD Strumenti per pesare","robots":{"index":"index","follow":"follow","max-snippet":"max-snippet:-1","max-image-preview":"max-image-preview:large","max-video-preview":"max-video-preview:-1"},"canonical":"https:\/\/bilanciailcd.it\/it\/prodotto\/gc-la800-indicatore-di-peso-digitale-acciaio-inox-con-display-touch-a-colori-omologato-ce\/","og_locale":"it_IT","og_type":"article","og_title":"GC-LA800 Indicatore di peso digitale Acciaio Inox con display Touch a colori Omologato CE - LCD Strumenti per pesare","og_description":"Indicatore digitale di peso Mod. LA800 in Acciaio Inox con display touch screen 7\u2033 a colori retroilluminato (800&#215;480 pixe) e tastiera QWERTY con touch panel resistivo integrato. L\u2019ampia capacit\u00e0 di memoria consente la gestione di un archivio prodotti a ciascuno dei quali pu\u00f2 essere abbinato un file di ingredienti, un archivio clienti e un archivio [&hellip;]","og_url":"https:\/\/bilanciailcd.it\/it\/prodotto\/gc-la800-indicatore-di-peso-digitale-acciaio-inox-con-display-touch-a-colori-omologato-ce\/","og_site_name":"LCD Strumenti per pesare","article_modified_time":"2023-02-19T16:58:51+00:00","og_image":[{"width":1449,"height":1178,"url":"https:\/\/bilanciailcd.it\/wp-content\/uploads\/2023\/02\/GC-LA800.jpg","type":"image\/jpeg"}],"twitter_card":"summary_large_image","twitter_misc":{"Tempo di lettura stimato":"2 minuti"},"schema":{"@context":"https:\/\/schema.org","@graph":[{"@type":"WebPage","@id":"https:\/\/bilanciailcd.it\/it\/prodotto\/gc-la800-indicatore-di-peso-digitale-acciaio-inox-con-display-touch-a-colori-omologato-ce\/","url":"https:\/\/bilanciailcd.it\/it\/prodotto\/gc-la800-indicatore-di-peso-digitale-acciaio-inox-con-display-touch-a-colori-omologato-ce\/","name":"GC-LA800 Indicatore di peso digitale Acciaio Inox con display Touch a colori Omologato CE - LCD Strumenti per pesare","isPartOf":{"@id":"https:\/\/bilanciailcd.it\/it\/#website"},"primaryImageOfPage":{"@id":"https:\/\/bilanciailcd.it\/it\/prodotto\/gc-la800-indicatore-di-peso-digitale-acciaio-inox-con-display-touch-a-colori-omologato-ce\/#primaryimage"},"image":{"@id":"https:\/\/bilanciailcd.it\/prodotto\/gc-la800-indicatore-di-peso-digitale-acciaio-inox-con-display-touch-a-colori-omologato-ce\/#primaryimage"},"thumbnailUrl":"https:\/\/bilanciailcd.it\/wp-content\/uploads\/2023\/02\/GC-LA800.jpg","datePublished":"2023-02-19T16:30:16+00:00","dateModified":"2023-02-19T16:58:51+00:00","breadcrumb":{"@id":"https:\/\/bilanciailcd.it\/it\/prodotto\/gc-la800-indicatore-di-peso-digitale-acciaio-inox-con-display-touch-a-colori-omologato-ce\/#breadcrumb"},"inLanguage":"it-IT","potentialAction":[{"@type":"ReadAction","target":[["https:\/\/bilanciailcd.it\/it\/prodotto\/gc-la800-indicatore-di-peso-digitale-acciaio-inox-con-display-touch-a-colori-omologato-ce\/"]]}]},{"@type":"ImageObject","inLanguage":"it-IT","@id":"https:\/\/bilanciailcd.it\/it\/prodotto\/gc-la800-indicatore-di-peso-digitale-acciaio-inox-con-display-touch-a-colori-omologato-ce\/#primaryimage","url":"https:\/\/bilanciailcd.it\/wp-content\/uploads\/2023\/02\/GC-LA800.jpg","contentUrl":"https:\/\/bilanciailcd.it\/wp-content\/uploads\/2023\/02\/GC-LA800.jpg","width":1449,"height":1178},{"@type":"BreadcrumbList","@id":"https:\/\/bilanciailcd.it\/it\/prodotto\/gc-la800-indicatore-di-peso-digitale-acciaio-inox-con-display-touch-a-colori-omologato-ce\/#breadcrumb","itemListElement":[{"@type":"ListItem","position":1,"name":"Home","item":"https:\/\/bilanciailcd.it\/it\/"},{"@type":"ListItem","position":2,"name":"Shop","item":"https:\/\/bilanciailcd.it\/it\/negozio\/"},{"@type":"ListItem","position":3,"name":"GC-LA800 Indicatore di peso digitale Acciaio Inox con display Touch a colori Omologato CE"}]},{"@type":"WebSite","@id":"https:\/\/bilanciailcd.it\/it\/#website","url":"https:\/\/bilanciailcd.it\/it\/","name":"LCD Strumenti per pesare","description":"Pesatura industriale","potentialAction":[{"@type":"SearchAction","target":{"@type":"EntryPoint","urlTemplate":"https:\/\/bilanciailcd.it\/it\/?s={search_term_string}"},"query-input":{"@type":"PropertyValueSpecification","valueRequired":true,"valueName":"search_term_string"}}],"inLanguage":"it-IT"}]}},"_links":{"self":[{"href":"https:\/\/bilanciailcd.it\/it\/wp-json\/wp\/v2\/product\/4027","targetHints":{"allow":["GET"]}}],"collection":[{"href":"https:\/\/bilanciailcd.it\/it\/wp-json\/wp\/v2\/product"}],"about":[{"href":"https:\/\/bilanciailcd.it\/it\/wp-json\/wp\/v2\/types\/product"}],"wp:featuredmedia":[{"embeddable":true,"href":"https:\/\/bilanciailcd.it\/it\/wp-json\/wp\/v2\/media\/4028"}],"wp:attachment":[{"href":"https:\/\/bilanciailcd.it\/it\/wp-json\/wp\/v2\/media?parent=4027"}],"wp:term":[{"taxonomy":"product_cat","embeddable":true,"href":"https:\/\/bilanciailcd.it\/it\/wp-json\/wp\/v2\/product_cat?post=4027"},{"taxonomy":"product_tag","embeddable":true,"href":"https:\/\/bilanciailcd.it\/it\/wp-json\/wp\/v2\/product_tag?post=4027"}],"curies":[{"name":"wp","href":"https:\/\/api.w.org\/{rel}","templated":true}]}}