{"id":3485,"date":"2022-07-20T17:03:07","date_gmt":"2022-07-20T15:03:07","guid":{"rendered":"https:\/\/lcd.insightcomunicazione.it\/?post_type=product&#038;p=3485"},"modified":"2022-11-07T16:45:50","modified_gmt":"2022-11-07T15:45:50","slug":"sistema-di-etichettatura-manuale-europem","status":"publish","type":"product","link":"https:\/\/bilanciailcd.it\/it\/prodotto\/sistema-di-etichettatura-manuale-europem\/","title":{"rendered":"Sistema di etichettatura manuale EuropeM"},"content":{"rendered":"<p>EuropeM \u00e8 il sistema integrato che gestisce le funzionalit\u00e0 di etichettatura e peso, sola etichettatura, scarto ponderale ed \u00e8 progettato per la nostra linea di pesatrici ponderali.<\/p>\n<p>Il software PROG EUROPE \u00e8 sviluppato per rispondere alle crescenti necessit\u00e0 del mondo della pesatura, soprattutto alimentare per la tracciabilit\u00e0, rintracciabilit\u00e0 ed etichettatura del prodotto finito.<\/p>\n<p>Molto semplice da usare, veloce ed affidabile, il software assicura funzionalit\u00e0 di base evolute e pu\u00f2 essere personalizzato in base alle specifiche esigenze aziendali.<\/p>\n<p>La <strong>piattaforma di pesatura GC-MLC<\/strong> con cella di carico single point, omologata OIML R60. Le piattaforme MLC sono realizzate con una doppia struttura in tubolare di acciaio zincato e piano di carico in lamiera di acciaio INOX AISI304 oppure interamente in Acciaio Inox AISI304. Collegabili a qualsiasi indicatore di peso per celle di carico, in opzione possono essere dotate di colonna portaindicatore h. 700 mm da banco oppure h.1000 mm da pavimento.<\/p>\n<p>Infine la <strong>Stampante GC-SMART200<\/strong>, utilizzando la tecnologia a radiofrequenza, permette di leggere e memorizzare dati nei chip interni (transponder) delle etichette\/tag RFID (ISO 15693 \u2013 13,56 MHz) e contemporaneamente stampare con metodo a trasferimento termico testi, codici a barre e simboli grafici.<\/p>\n<p>Metodo di stampa: trasferimento termico e diretto<\/p>\n<p>Risoluzione: 8 dots\/mm (200 dpi)<\/p>\n<p>Larghezza max. etichette: 110 mm<\/p>\n<p>Area di stampa: 102 x 1200 mm<\/p>\n<p>Velocita\u0300: 150 mm\/sec<\/p>\n<p>Modalita\u0300 di stampa: in spellicolamento, in striscia, in riavvolgimento.<\/p>","protected":false},"excerpt":{"rendered":"<p>EuropeM \u00e8 il sistema integrato che gestisce le funzionalit\u00e0 di etichettatura e peso, sola etichettatura, scarto ponderale ed \u00e8 progettato per la nostra linea di pesatrici ponderali. Il software PROG EUROPE \u00e8 sviluppato per rispondere alle crescenti necessit\u00e0 del mondo della pesatura, soprattutto alimentare per la tracciabilit\u00e0, rintracciabilit\u00e0 ed etichettatura del prodotto finito. Molto semplice [&hellip;]<\/p>\n","protected":false},"featured_media":3600,"template":"","meta":{"_acf_changed":false},"product_cat":[39,64],"product_tag":[],"class_list":{"0":"post-3485","1":"product","2":"type-product","3":"status-publish","4":"has-post-thumbnail","6":"product_cat-weighing-systems","7":"product_cat-etichettatura","9":"first","10":"instock","11":"taxable","12":"shipping-taxable","13":"product-type-simple"},"acf":[],"yoast_head":"<!-- This site is optimized with the Yoast SEO plugin v27.4 - https:\/\/yoast.com\/product\/yoast-seo-wordpress\/ -->\n<title>Sistema di etichettatura manuale EuropeM - LCD Strumenti per pesare<\/title>\n<meta name=\"robots\" content=\"index, follow, max-snippet:-1, max-image-preview:large, max-video-preview:-1\" \/>\n<link rel=\"canonical\" href=\"https:\/\/bilanciailcd.it\/it\/prodotto\/sistema-di-etichettatura-manuale-europem\/\" \/>\n<meta property=\"og:locale\" content=\"it_IT\" \/>\n<meta property=\"og:type\" content=\"article\" \/>\n<meta property=\"og:title\" content=\"Sistema di etichettatura manuale EuropeM - LCD Strumenti per pesare\" \/>\n<meta property=\"og:description\" content=\"EuropeM \u00e8 il sistema integrato che gestisce le funzionalit\u00e0 di etichettatura e peso, sola etichettatura, scarto ponderale ed \u00e8 progettato per la nostra linea di pesatrici ponderali. Il software PROG EUROPE \u00e8 sviluppato per rispondere alle crescenti necessit\u00e0 del mondo della pesatura, soprattutto alimentare per la tracciabilit\u00e0, rintracciabilit\u00e0 ed etichettatura del prodotto finito. Molto semplice [&hellip;]\" \/>\n<meta property=\"og:url\" content=\"https:\/\/bilanciailcd.it\/it\/prodotto\/sistema-di-etichettatura-manuale-europem\/\" \/>\n<meta property=\"og:site_name\" content=\"LCD Strumenti per pesare\" \/>\n<meta property=\"article:modified_time\" content=\"2022-11-07T15:45:50+00:00\" \/>\n<meta property=\"og:image\" content=\"https:\/\/bilanciailcd.it\/wp-content\/uploads\/2022\/07\/c148166c608754a3dd19c3a8181fcf0efe67bd01.jpg\" \/>\n\t<meta property=\"og:image:width\" content=\"366\" \/>\n\t<meta property=\"og:image:height\" content=\"370\" \/>\n\t<meta property=\"og:image:type\" content=\"image\/jpeg\" \/>\n<meta name=\"twitter:card\" content=\"summary_large_image\" \/>\n<meta name=\"twitter:label1\" content=\"Tempo di lettura stimato\" \/>\n\t<meta name=\"twitter:data1\" content=\"2 minuti\" \/>\n<script type=\"application\/ld+json\" class=\"yoast-schema-graph\">{\"@context\":\"https:\\\/\\\/schema.org\",\"@graph\":[{\"@type\":\"WebPage\",\"@id\":\"https:\\\/\\\/bilanciailcd.it\\\/it\\\/prodotto\\\/sistema-di-etichettatura-manuale-europem\\\/\",\"url\":\"https:\\\/\\\/bilanciailcd.it\\\/it\\\/prodotto\\\/sistema-di-etichettatura-manuale-europem\\\/\",\"name\":\"Sistema di etichettatura manuale EuropeM - LCD Strumenti per pesare\",\"isPartOf\":{\"@id\":\"https:\\\/\\\/bilanciailcd.it\\\/it\\\/#website\"},\"primaryImageOfPage\":{\"@id\":\"https:\\\/\\\/bilanciailcd.it\\\/it\\\/prodotto\\\/sistema-di-etichettatura-manuale-europem\\\/#primaryimage\"},\"image\":{\"@id\":\"https:\\\/\\\/bilanciailcd.it\\\/prodotto\\\/sistema-di-etichettatura-manuale-europem\\\/#primaryimage\"},\"thumbnailUrl\":\"https:\\\/\\\/bilanciailcd.it\\\/wp-content\\\/uploads\\\/2022\\\/07\\\/c148166c608754a3dd19c3a8181fcf0efe67bd01.jpg\",\"datePublished\":\"2022-07-20T15:03:07+00:00\",\"dateModified\":\"2022-11-07T15:45:50+00:00\",\"breadcrumb\":{\"@id\":\"https:\\\/\\\/bilanciailcd.it\\\/it\\\/prodotto\\\/sistema-di-etichettatura-manuale-europem\\\/#breadcrumb\"},\"inLanguage\":\"it-IT\",\"potentialAction\":[{\"@type\":\"ReadAction\",\"target\":[[\"https:\\\/\\\/bilanciailcd.it\\\/it\\\/prodotto\\\/sistema-di-etichettatura-manuale-europem\\\/\"]]}]},{\"@type\":\"ImageObject\",\"inLanguage\":\"it-IT\",\"@id\":\"https:\\\/\\\/bilanciailcd.it\\\/it\\\/prodotto\\\/sistema-di-etichettatura-manuale-europem\\\/#primaryimage\",\"url\":\"https:\\\/\\\/bilanciailcd.it\\\/wp-content\\\/uploads\\\/2022\\\/07\\\/c148166c608754a3dd19c3a8181fcf0efe67bd01.jpg\",\"contentUrl\":\"https:\\\/\\\/bilanciailcd.it\\\/wp-content\\\/uploads\\\/2022\\\/07\\\/c148166c608754a3dd19c3a8181fcf0efe67bd01.jpg\",\"width\":366,\"height\":370},{\"@type\":\"BreadcrumbList\",\"@id\":\"https:\\\/\\\/bilanciailcd.it\\\/it\\\/prodotto\\\/sistema-di-etichettatura-manuale-europem\\\/#breadcrumb\",\"itemListElement\":[{\"@type\":\"ListItem\",\"position\":1,\"name\":\"Home\",\"item\":\"https:\\\/\\\/bilanciailcd.it\\\/it\\\/\"},{\"@type\":\"ListItem\",\"position\":2,\"name\":\"Shop\",\"item\":\"https:\\\/\\\/bilanciailcd.it\\\/it\\\/negozio\\\/\"},{\"@type\":\"ListItem\",\"position\":3,\"name\":\"Sistema di etichettatura manuale EuropeM\"}]},{\"@type\":\"WebSite\",\"@id\":\"https:\\\/\\\/bilanciailcd.it\\\/it\\\/#website\",\"url\":\"https:\\\/\\\/bilanciailcd.it\\\/it\\\/\",\"name\":\"LCD Strumenti per pesare\",\"description\":\"Pesatura industriale\",\"potentialAction\":[{\"@type\":\"SearchAction\",\"target\":{\"@type\":\"EntryPoint\",\"urlTemplate\":\"https:\\\/\\\/bilanciailcd.it\\\/it\\\/?s={search_term_string}\"},\"query-input\":{\"@type\":\"PropertyValueSpecification\",\"valueRequired\":true,\"valueName\":\"search_term_string\"}}],\"inLanguage\":\"it-IT\"}]}<\/script>\n<!-- \/ Yoast SEO plugin. -->","yoast_head_json":{"title":"Sistema di etichettatura manuale EuropeM - LCD Strumenti per pesare","robots":{"index":"index","follow":"follow","max-snippet":"max-snippet:-1","max-image-preview":"max-image-preview:large","max-video-preview":"max-video-preview:-1"},"canonical":"https:\/\/bilanciailcd.it\/it\/prodotto\/sistema-di-etichettatura-manuale-europem\/","og_locale":"it_IT","og_type":"article","og_title":"Sistema di etichettatura manuale EuropeM - LCD Strumenti per pesare","og_description":"EuropeM \u00e8 il sistema integrato che gestisce le funzionalit\u00e0 di etichettatura e peso, sola etichettatura, scarto ponderale ed \u00e8 progettato per la nostra linea di pesatrici ponderali. Il software PROG EUROPE \u00e8 sviluppato per rispondere alle crescenti necessit\u00e0 del mondo della pesatura, soprattutto alimentare per la tracciabilit\u00e0, rintracciabilit\u00e0 ed etichettatura del prodotto finito. Molto semplice [&hellip;]","og_url":"https:\/\/bilanciailcd.it\/it\/prodotto\/sistema-di-etichettatura-manuale-europem\/","og_site_name":"LCD Strumenti per pesare","article_modified_time":"2022-11-07T15:45:50+00:00","og_image":[{"width":366,"height":370,"url":"https:\/\/bilanciailcd.it\/wp-content\/uploads\/2022\/07\/c148166c608754a3dd19c3a8181fcf0efe67bd01.jpg","type":"image\/jpeg"}],"twitter_card":"summary_large_image","twitter_misc":{"Tempo di lettura stimato":"2 minuti"},"schema":{"@context":"https:\/\/schema.org","@graph":[{"@type":"WebPage","@id":"https:\/\/bilanciailcd.it\/it\/prodotto\/sistema-di-etichettatura-manuale-europem\/","url":"https:\/\/bilanciailcd.it\/it\/prodotto\/sistema-di-etichettatura-manuale-europem\/","name":"Sistema di etichettatura manuale EuropeM - LCD Strumenti per pesare","isPartOf":{"@id":"https:\/\/bilanciailcd.it\/it\/#website"},"primaryImageOfPage":{"@id":"https:\/\/bilanciailcd.it\/it\/prodotto\/sistema-di-etichettatura-manuale-europem\/#primaryimage"},"image":{"@id":"https:\/\/bilanciailcd.it\/prodotto\/sistema-di-etichettatura-manuale-europem\/#primaryimage"},"thumbnailUrl":"https:\/\/bilanciailcd.it\/wp-content\/uploads\/2022\/07\/c148166c608754a3dd19c3a8181fcf0efe67bd01.jpg","datePublished":"2022-07-20T15:03:07+00:00","dateModified":"2022-11-07T15:45:50+00:00","breadcrumb":{"@id":"https:\/\/bilanciailcd.it\/it\/prodotto\/sistema-di-etichettatura-manuale-europem\/#breadcrumb"},"inLanguage":"it-IT","potentialAction":[{"@type":"ReadAction","target":[["https:\/\/bilanciailcd.it\/it\/prodotto\/sistema-di-etichettatura-manuale-europem\/"]]}]},{"@type":"ImageObject","inLanguage":"it-IT","@id":"https:\/\/bilanciailcd.it\/it\/prodotto\/sistema-di-etichettatura-manuale-europem\/#primaryimage","url":"https:\/\/bilanciailcd.it\/wp-content\/uploads\/2022\/07\/c148166c608754a3dd19c3a8181fcf0efe67bd01.jpg","contentUrl":"https:\/\/bilanciailcd.it\/wp-content\/uploads\/2022\/07\/c148166c608754a3dd19c3a8181fcf0efe67bd01.jpg","width":366,"height":370},{"@type":"BreadcrumbList","@id":"https:\/\/bilanciailcd.it\/it\/prodotto\/sistema-di-etichettatura-manuale-europem\/#breadcrumb","itemListElement":[{"@type":"ListItem","position":1,"name":"Home","item":"https:\/\/bilanciailcd.it\/it\/"},{"@type":"ListItem","position":2,"name":"Shop","item":"https:\/\/bilanciailcd.it\/it\/negozio\/"},{"@type":"ListItem","position":3,"name":"Sistema di etichettatura manuale EuropeM"}]},{"@type":"WebSite","@id":"https:\/\/bilanciailcd.it\/it\/#website","url":"https:\/\/bilanciailcd.it\/it\/","name":"LCD Strumenti per pesare","description":"Pesatura industriale","potentialAction":[{"@type":"SearchAction","target":{"@type":"EntryPoint","urlTemplate":"https:\/\/bilanciailcd.it\/it\/?s={search_term_string}"},"query-input":{"@type":"PropertyValueSpecification","valueRequired":true,"valueName":"search_term_string"}}],"inLanguage":"it-IT"}]}},"_links":{"self":[{"href":"https:\/\/bilanciailcd.it\/it\/wp-json\/wp\/v2\/product\/3485","targetHints":{"allow":["GET"]}}],"collection":[{"href":"https:\/\/bilanciailcd.it\/it\/wp-json\/wp\/v2\/product"}],"about":[{"href":"https:\/\/bilanciailcd.it\/it\/wp-json\/wp\/v2\/types\/product"}],"wp:featuredmedia":[{"embeddable":true,"href":"https:\/\/bilanciailcd.it\/it\/wp-json\/wp\/v2\/media\/3600"}],"wp:attachment":[{"href":"https:\/\/bilanciailcd.it\/it\/wp-json\/wp\/v2\/media?parent=3485"}],"wp:term":[{"taxonomy":"product_cat","embeddable":true,"href":"https:\/\/bilanciailcd.it\/it\/wp-json\/wp\/v2\/product_cat?post=3485"},{"taxonomy":"product_tag","embeddable":true,"href":"https:\/\/bilanciailcd.it\/it\/wp-json\/wp\/v2\/product_tag?post=3485"}],"curies":[{"name":"wp","href":"https:\/\/api.w.org\/{rel}","templated":true}]}}