{"id":2616,"date":"2022-07-19T21:41:32","date_gmt":"2022-07-19T19:41:32","guid":{"rendered":"https:\/\/lcd.insightcomunicazione.it\/prodotto\/software-per-lacquisizione-del-peso-da-piattaforme-fisse-prog-gc-wb\/"},"modified":"2024-09-19T12:06:51","modified_gmt":"2024-09-19T10:06:51","slug":"software-per-lacquisizione-del-peso-da-piattaforme-fisse-prog-gc-wb","status":"publish","type":"product","link":"https:\/\/bilanciailcd.it\/it\/prodotto\/software-per-lacquisizione-del-peso-da-piattaforme-fisse-prog-gc-wb\/","title":{"rendered":"Software per l&#8217;acquisizione del peso da piattaforme fisse PROG- GC WB"},"content":{"rendered":"<p>Il software PROG- GC WB \u00e8 stato concepito per l\u2019acquisizione del peso da piattaforme fisse e per la stampa cartellini in ingresso ed uscita.<\/p>\n<p>\u00c8 sviluppato per rispondere alle crescenti necessit\u00e0 del mondo della pesatura industriale. Molto semplice da usare, veloce ed affidabile, PROG GC-WB assicura funzionalit\u00e0 di base evolute e pu\u00f2 essere personalizzato in base alle specifiche esigenze aziendali.<\/p>\n<p>&nbsp;<\/p>\n<p>Vantaggi:<\/p>\n<p>&#8211; Gestione merce, targa, cliente o fornitore, tramite l\u2019interfaccia touchscreen (con Display modello GC-Touch)<\/p>\n<p>&#8211; Pesatura con singola o doppia pesata<\/p>\n<p>&#8211; Storico pesate<\/p>\n<p>&#8211; Archivio tare predeterminate<\/p>\n<p>&#8211; Stampa dei buoni di scarico \/ carico<\/p>\n<p>&#8211; Facile connessione ed esportazione dati<\/p>\n<p>&#8211; Interfaccia grafica semplice ed intuitiva con utilizzo di icone<\/p>","protected":false},"excerpt":{"rendered":"<p>Il software PROG- GC WB \u00e8 stato concepito per l\u2019acquisizione del peso da piattaforme fisse e per la stampa cartellini in ingresso ed uscita. \u00c8 sviluppato per rispondere alle crescenti necessit\u00e0 del mondo della pesatura industriale. Molto semplice da usare, veloce ed affidabile, PROG GC-WB assicura funzionalit\u00e0 di base evolute e pu\u00f2 essere personalizzato in [&hellip;]<\/p>\n","protected":false},"featured_media":3941,"template":"","meta":{"_acf_changed":false},"product_cat":[42,48],"product_tag":[],"class_list":{"0":"post-2616","1":"product","2":"type-product","3":"status-publish","4":"has-post-thumbnail","6":"product_cat-strumentazione-elettronica","7":"product_cat-software","9":"first","10":"instock","11":"taxable","12":"shipping-taxable","13":"product-type-simple"},"acf":[],"yoast_head":"<!-- This site is optimized with the Yoast SEO plugin v27.4 - https:\/\/yoast.com\/product\/yoast-seo-wordpress\/ -->\n<title>Software per l&#039;acquisizione del peso da piattaforme fisse PROG- GC WB - LCD Strumenti per pesare<\/title>\n<meta name=\"robots\" content=\"index, follow, max-snippet:-1, max-image-preview:large, max-video-preview:-1\" \/>\n<link rel=\"canonical\" href=\"https:\/\/bilanciailcd.it\/it\/prodotto\/software-per-lacquisizione-del-peso-da-piattaforme-fisse-prog-gc-wb\/\" \/>\n<meta property=\"og:locale\" content=\"it_IT\" \/>\n<meta property=\"og:type\" content=\"article\" \/>\n<meta property=\"og:title\" content=\"Software per l&#039;acquisizione del peso da piattaforme fisse PROG- GC WB - LCD Strumenti per pesare\" \/>\n<meta property=\"og:description\" content=\"Il software PROG- GC WB \u00e8 stato concepito per l\u2019acquisizione del peso da piattaforme fisse e per la stampa cartellini in ingresso ed uscita. \u00c8 sviluppato per rispondere alle crescenti necessit\u00e0 del mondo della pesatura industriale. Molto semplice da usare, veloce ed affidabile, PROG GC-WB assicura funzionalit\u00e0 di base evolute e pu\u00f2 essere personalizzato in [&hellip;]\" \/>\n<meta property=\"og:url\" content=\"https:\/\/bilanciailcd.it\/it\/prodotto\/software-per-lacquisizione-del-peso-da-piattaforme-fisse-prog-gc-wb\/\" \/>\n<meta property=\"og:site_name\" content=\"LCD Strumenti per pesare\" \/>\n<meta property=\"article:modified_time\" content=\"2024-09-19T10:06:51+00:00\" \/>\n<meta property=\"og:image\" content=\"https:\/\/bilanciailcd.it\/wp-content\/uploads\/2022\/07\/GC-PROG-WBRIDGE.jpg\" \/>\n\t<meta property=\"og:image:width\" content=\"790\" \/>\n\t<meta property=\"og:image:height\" content=\"547\" \/>\n\t<meta property=\"og:image:type\" content=\"image\/jpeg\" \/>\n<meta name=\"twitter:card\" content=\"summary_large_image\" \/>\n<meta name=\"twitter:label1\" content=\"Tempo di lettura stimato\" \/>\n\t<meta name=\"twitter:data1\" content=\"1 minuto\" \/>\n<script type=\"application\/ld+json\" class=\"yoast-schema-graph\">{\"@context\":\"https:\\\/\\\/schema.org\",\"@graph\":[{\"@type\":\"WebPage\",\"@id\":\"https:\\\/\\\/bilanciailcd.it\\\/it\\\/prodotto\\\/software-per-lacquisizione-del-peso-da-piattaforme-fisse-prog-gc-wb\\\/\",\"url\":\"https:\\\/\\\/bilanciailcd.it\\\/it\\\/prodotto\\\/software-per-lacquisizione-del-peso-da-piattaforme-fisse-prog-gc-wb\\\/\",\"name\":\"Software per l'acquisizione del peso da piattaforme fisse PROG- GC WB - LCD Strumenti per pesare\",\"isPartOf\":{\"@id\":\"https:\\\/\\\/bilanciailcd.it\\\/it\\\/#website\"},\"primaryImageOfPage\":{\"@id\":\"https:\\\/\\\/bilanciailcd.it\\\/it\\\/prodotto\\\/software-per-lacquisizione-del-peso-da-piattaforme-fisse-prog-gc-wb\\\/#primaryimage\"},\"image\":{\"@id\":\"https:\\\/\\\/bilanciailcd.it\\\/it\\\/prodotto\\\/software-per-lacquisizione-del-peso-da-piattaforme-fisse-prog-gc-wb\\\/#primaryimage\"},\"thumbnailUrl\":\"https:\\\/\\\/bilanciailcd.it\\\/wp-content\\\/uploads\\\/2022\\\/07\\\/GC-PROG-WBRIDGE.jpg\",\"datePublished\":\"2022-07-19T19:41:32+00:00\",\"dateModified\":\"2024-09-19T10:06:51+00:00\",\"breadcrumb\":{\"@id\":\"https:\\\/\\\/bilanciailcd.it\\\/it\\\/prodotto\\\/software-per-lacquisizione-del-peso-da-piattaforme-fisse-prog-gc-wb\\\/#breadcrumb\"},\"inLanguage\":\"it-IT\",\"potentialAction\":[{\"@type\":\"ReadAction\",\"target\":[[\"https:\\\/\\\/bilanciailcd.it\\\/it\\\/prodotto\\\/software-per-lacquisizione-del-peso-da-piattaforme-fisse-prog-gc-wb\\\/\"]]}]},{\"@type\":\"ImageObject\",\"inLanguage\":\"it-IT\",\"@id\":\"https:\\\/\\\/bilanciailcd.it\\\/it\\\/prodotto\\\/software-per-lacquisizione-del-peso-da-piattaforme-fisse-prog-gc-wb\\\/#primaryimage\",\"url\":\"https:\\\/\\\/bilanciailcd.it\\\/wp-content\\\/uploads\\\/2022\\\/07\\\/GC-PROG-WBRIDGE.jpg\",\"contentUrl\":\"https:\\\/\\\/bilanciailcd.it\\\/wp-content\\\/uploads\\\/2022\\\/07\\\/GC-PROG-WBRIDGE.jpg\",\"width\":790,\"height\":547},{\"@type\":\"BreadcrumbList\",\"@id\":\"https:\\\/\\\/bilanciailcd.it\\\/it\\\/prodotto\\\/software-per-lacquisizione-del-peso-da-piattaforme-fisse-prog-gc-wb\\\/#breadcrumb\",\"itemListElement\":[{\"@type\":\"ListItem\",\"position\":1,\"name\":\"Home\",\"item\":\"https:\\\/\\\/bilanciailcd.it\\\/it\\\/\"},{\"@type\":\"ListItem\",\"position\":2,\"name\":\"Shop\",\"item\":\"https:\\\/\\\/bilanciailcd.it\\\/it\\\/negozio\\\/\"},{\"@type\":\"ListItem\",\"position\":3,\"name\":\"Software per l&#8217;acquisizione del peso da piattaforme fisse PROG- GC WB\"}]},{\"@type\":\"WebSite\",\"@id\":\"https:\\\/\\\/bilanciailcd.it\\\/it\\\/#website\",\"url\":\"https:\\\/\\\/bilanciailcd.it\\\/it\\\/\",\"name\":\"LCD Strumenti per pesare\",\"description\":\"Pesatura industriale\",\"potentialAction\":[{\"@type\":\"SearchAction\",\"target\":{\"@type\":\"EntryPoint\",\"urlTemplate\":\"https:\\\/\\\/bilanciailcd.it\\\/it\\\/?s={search_term_string}\"},\"query-input\":{\"@type\":\"PropertyValueSpecification\",\"valueRequired\":true,\"valueName\":\"search_term_string\"}}],\"inLanguage\":\"it-IT\"}]}<\/script>\n<!-- \/ Yoast SEO plugin. -->","yoast_head_json":{"title":"Software per l'acquisizione del peso da piattaforme fisse PROG- GC WB - LCD Strumenti per pesare","robots":{"index":"index","follow":"follow","max-snippet":"max-snippet:-1","max-image-preview":"max-image-preview:large","max-video-preview":"max-video-preview:-1"},"canonical":"https:\/\/bilanciailcd.it\/it\/prodotto\/software-per-lacquisizione-del-peso-da-piattaforme-fisse-prog-gc-wb\/","og_locale":"it_IT","og_type":"article","og_title":"Software per l'acquisizione del peso da piattaforme fisse PROG- GC WB - LCD Strumenti per pesare","og_description":"Il software PROG- GC WB \u00e8 stato concepito per l\u2019acquisizione del peso da piattaforme fisse e per la stampa cartellini in ingresso ed uscita. \u00c8 sviluppato per rispondere alle crescenti necessit\u00e0 del mondo della pesatura industriale. Molto semplice da usare, veloce ed affidabile, PROG GC-WB assicura funzionalit\u00e0 di base evolute e pu\u00f2 essere personalizzato in [&hellip;]","og_url":"https:\/\/bilanciailcd.it\/it\/prodotto\/software-per-lacquisizione-del-peso-da-piattaforme-fisse-prog-gc-wb\/","og_site_name":"LCD Strumenti per pesare","article_modified_time":"2024-09-19T10:06:51+00:00","og_image":[{"width":790,"height":547,"url":"https:\/\/bilanciailcd.it\/wp-content\/uploads\/2022\/07\/GC-PROG-WBRIDGE.jpg","type":"image\/jpeg"}],"twitter_card":"summary_large_image","twitter_misc":{"Tempo di lettura stimato":"1 minuto"},"schema":{"@context":"https:\/\/schema.org","@graph":[{"@type":"WebPage","@id":"https:\/\/bilanciailcd.it\/it\/prodotto\/software-per-lacquisizione-del-peso-da-piattaforme-fisse-prog-gc-wb\/","url":"https:\/\/bilanciailcd.it\/it\/prodotto\/software-per-lacquisizione-del-peso-da-piattaforme-fisse-prog-gc-wb\/","name":"Software per l'acquisizione del peso da piattaforme fisse PROG- GC WB - LCD Strumenti per pesare","isPartOf":{"@id":"https:\/\/bilanciailcd.it\/it\/#website"},"primaryImageOfPage":{"@id":"https:\/\/bilanciailcd.it\/it\/prodotto\/software-per-lacquisizione-del-peso-da-piattaforme-fisse-prog-gc-wb\/#primaryimage"},"image":{"@id":"https:\/\/bilanciailcd.it\/it\/prodotto\/software-per-lacquisizione-del-peso-da-piattaforme-fisse-prog-gc-wb\/#primaryimage"},"thumbnailUrl":"https:\/\/bilanciailcd.it\/wp-content\/uploads\/2022\/07\/GC-PROG-WBRIDGE.jpg","datePublished":"2022-07-19T19:41:32+00:00","dateModified":"2024-09-19T10:06:51+00:00","breadcrumb":{"@id":"https:\/\/bilanciailcd.it\/it\/prodotto\/software-per-lacquisizione-del-peso-da-piattaforme-fisse-prog-gc-wb\/#breadcrumb"},"inLanguage":"it-IT","potentialAction":[{"@type":"ReadAction","target":[["https:\/\/bilanciailcd.it\/it\/prodotto\/software-per-lacquisizione-del-peso-da-piattaforme-fisse-prog-gc-wb\/"]]}]},{"@type":"ImageObject","inLanguage":"it-IT","@id":"https:\/\/bilanciailcd.it\/it\/prodotto\/software-per-lacquisizione-del-peso-da-piattaforme-fisse-prog-gc-wb\/#primaryimage","url":"https:\/\/bilanciailcd.it\/wp-content\/uploads\/2022\/07\/GC-PROG-WBRIDGE.jpg","contentUrl":"https:\/\/bilanciailcd.it\/wp-content\/uploads\/2022\/07\/GC-PROG-WBRIDGE.jpg","width":790,"height":547},{"@type":"BreadcrumbList","@id":"https:\/\/bilanciailcd.it\/it\/prodotto\/software-per-lacquisizione-del-peso-da-piattaforme-fisse-prog-gc-wb\/#breadcrumb","itemListElement":[{"@type":"ListItem","position":1,"name":"Home","item":"https:\/\/bilanciailcd.it\/it\/"},{"@type":"ListItem","position":2,"name":"Shop","item":"https:\/\/bilanciailcd.it\/it\/negozio\/"},{"@type":"ListItem","position":3,"name":"Software per l&#8217;acquisizione del peso da piattaforme fisse PROG- GC WB"}]},{"@type":"WebSite","@id":"https:\/\/bilanciailcd.it\/it\/#website","url":"https:\/\/bilanciailcd.it\/it\/","name":"LCD Strumenti per pesare","description":"Pesatura industriale","potentialAction":[{"@type":"SearchAction","target":{"@type":"EntryPoint","urlTemplate":"https:\/\/bilanciailcd.it\/it\/?s={search_term_string}"},"query-input":{"@type":"PropertyValueSpecification","valueRequired":true,"valueName":"search_term_string"}}],"inLanguage":"it-IT"}]}},"_links":{"self":[{"href":"https:\/\/bilanciailcd.it\/it\/wp-json\/wp\/v2\/product\/2616","targetHints":{"allow":["GET"]}}],"collection":[{"href":"https:\/\/bilanciailcd.it\/it\/wp-json\/wp\/v2\/product"}],"about":[{"href":"https:\/\/bilanciailcd.it\/it\/wp-json\/wp\/v2\/types\/product"}],"wp:featuredmedia":[{"embeddable":true,"href":"https:\/\/bilanciailcd.it\/it\/wp-json\/wp\/v2\/media\/3941"}],"wp:attachment":[{"href":"https:\/\/bilanciailcd.it\/it\/wp-json\/wp\/v2\/media?parent=2616"}],"wp:term":[{"taxonomy":"product_cat","embeddable":true,"href":"https:\/\/bilanciailcd.it\/it\/wp-json\/wp\/v2\/product_cat?post=2616"},{"taxonomy":"product_tag","embeddable":true,"href":"https:\/\/bilanciailcd.it\/it\/wp-json\/wp\/v2\/product_tag?post=2616"}],"curies":[{"name":"wp","href":"https:\/\/api.w.org\/{rel}","templated":true}]}}