{"id":2566,"date":"2022-07-19T21:41:20","date_gmt":"2022-07-19T19:41:20","guid":{"rendered":"https:\/\/lcd.insightcomunicazione.it\/prodotto\/sistema-pos-android-gc-a8015\/"},"modified":"2022-11-08T13:13:55","modified_gmt":"2022-11-08T12:13:55","slug":"sistema-pos-android-gc-a8015","status":"publish","type":"product","link":"https:\/\/bilanciailcd.it\/it\/prodotto\/sistema-pos-android-gc-a8015\/","title":{"rendered":"Sistema POS Android GC-A8015"},"content":{"rendered":"<p>Rivoluziona il mondo dei pos, il pos touch android 3i semplice e funzionale.<\/p>\n<p>Si differenzia dai tradizionali pc windows in quanto utilizza una piattaforma hardware con sistema operativo android. Il pos con touch screen da 15&#8243; \u00e8 versatile e adatto a qualsiasi attivit\u00e0 commerciale ed \u00e8 completo di stampante fiscale.<\/p>\n<p>GC-A8015 \u00e8 disponibile in versione ristorante, vendita, vendita con tavoli e lavanderia. Piattaforma hardware con sistema operativo android.<\/p>\n<p>&nbsp;<\/p>\n<p>CPU Rockchip Rk3066 DualCore Cortex-A9 1.5GHz<\/p>\n<p>RAM DDR3 Nand Flash 4GB<\/p>\n<p>STORAGE SD 32 GB<\/p>\n<p>OS Android<\/p>\n<p>TOUCH SCREEN 15<\/p>\n<p>Connessioni I\/O Rs 232 x1 &#8211; VGA x1 &#8211; RJ 45 x1 &#8211; USB x4 &#8211; RJ11 x1<\/p>\n<p>DISPLAY Cliente 20x2LCD alfanumerico<\/p>\n<p>PRINTER FISCALE Integrata, con stampante termica 80 mm<\/p>\n<p>Alimentazione DC 12V 5 AMP<\/p>","protected":false},"excerpt":{"rendered":"<p>Rivoluziona il mondo dei pos, il pos touch android 3i semplice e funzionale. Si differenzia dai tradizionali pc windows in quanto utilizza una piattaforma hardware con sistema operativo android. Il pos con touch screen da 15&#8243; \u00e8 versatile e adatto a qualsiasi attivit\u00e0 commerciale ed \u00e8 completo di stampante fiscale. GC-A8015 \u00e8 disponibile in versione [&hellip;]<\/p>\n","protected":false},"featured_media":2565,"template":"","meta":{"_acf_changed":false},"product_cat":[44,40],"product_tag":[],"class_list":{"0":"post-2566","1":"product","2":"type-product","3":"status-publish","4":"has-post-thumbnail","6":"product_cat-soluzioni-retail","7":"product_cat-pos-e-registratori-di-cassa","9":"first","10":"instock","11":"taxable","12":"shipping-taxable","13":"product-type-simple"},"acf":[],"yoast_head":"<!-- This site is optimized with the Yoast SEO plugin v27.4 - https:\/\/yoast.com\/product\/yoast-seo-wordpress\/ -->\n<title>Sistema POS Android GC-A8015 - LCD Strumenti per pesare<\/title>\n<meta name=\"robots\" content=\"index, follow, max-snippet:-1, max-image-preview:large, max-video-preview:-1\" \/>\n<link rel=\"canonical\" href=\"https:\/\/bilanciailcd.it\/it\/prodotto\/sistema-pos-android-gc-a8015\/\" \/>\n<meta property=\"og:locale\" content=\"it_IT\" \/>\n<meta property=\"og:type\" content=\"article\" \/>\n<meta property=\"og:title\" content=\"Sistema POS Android GC-A8015 - LCD Strumenti per pesare\" \/>\n<meta property=\"og:description\" content=\"Rivoluziona il mondo dei pos, il pos touch android 3i semplice e funzionale. Si differenzia dai tradizionali pc windows in quanto utilizza una piattaforma hardware con sistema operativo android. Il pos con touch screen da 15&#8243; \u00e8 versatile e adatto a qualsiasi attivit\u00e0 commerciale ed \u00e8 completo di stampante fiscale. GC-A8015 \u00e8 disponibile in versione [&hellip;]\" \/>\n<meta property=\"og:url\" content=\"https:\/\/bilanciailcd.it\/it\/prodotto\/sistema-pos-android-gc-a8015\/\" \/>\n<meta property=\"og:site_name\" content=\"LCD Strumenti per pesare\" \/>\n<meta property=\"article:modified_time\" content=\"2022-11-08T12:13:55+00:00\" \/>\n<meta property=\"og:image\" content=\"https:\/\/bilanciailcd.it\/wp-content\/uploads\/2022\/07\/e1c7e4588265e14d9afe715c3d48d6b368da788f.jpg\" \/>\n\t<meta property=\"og:image:width\" content=\"640\" \/>\n\t<meta property=\"og:image:height\" content=\"480\" \/>\n\t<meta property=\"og:image:type\" content=\"image\/jpeg\" \/>\n<meta name=\"twitter:card\" content=\"summary_large_image\" \/>\n<meta name=\"twitter:label1\" content=\"Tempo di lettura stimato\" \/>\n\t<meta name=\"twitter:data1\" content=\"1 minuto\" \/>\n<script type=\"application\/ld+json\" class=\"yoast-schema-graph\">{\"@context\":\"https:\\\/\\\/schema.org\",\"@graph\":[{\"@type\":\"WebPage\",\"@id\":\"https:\\\/\\\/bilanciailcd.it\\\/it\\\/prodotto\\\/sistema-pos-android-gc-a8015\\\/\",\"url\":\"https:\\\/\\\/bilanciailcd.it\\\/it\\\/prodotto\\\/sistema-pos-android-gc-a8015\\\/\",\"name\":\"Sistema POS Android GC-A8015 - LCD Strumenti per pesare\",\"isPartOf\":{\"@id\":\"https:\\\/\\\/bilanciailcd.it\\\/it\\\/#website\"},\"primaryImageOfPage\":{\"@id\":\"https:\\\/\\\/bilanciailcd.it\\\/it\\\/prodotto\\\/sistema-pos-android-gc-a8015\\\/#primaryimage\"},\"image\":{\"@id\":\"https:\\\/\\\/bilanciailcd.it\\\/prodotto\\\/sistema-pos-android-gc-a8015\\\/#primaryimage\"},\"thumbnailUrl\":\"https:\\\/\\\/bilanciailcd.it\\\/wp-content\\\/uploads\\\/2022\\\/07\\\/e1c7e4588265e14d9afe715c3d48d6b368da788f.jpg\",\"datePublished\":\"2022-07-19T19:41:20+00:00\",\"dateModified\":\"2022-11-08T12:13:55+00:00\",\"breadcrumb\":{\"@id\":\"https:\\\/\\\/bilanciailcd.it\\\/it\\\/prodotto\\\/sistema-pos-android-gc-a8015\\\/#breadcrumb\"},\"inLanguage\":\"it-IT\",\"potentialAction\":[{\"@type\":\"ReadAction\",\"target\":[[\"https:\\\/\\\/bilanciailcd.it\\\/it\\\/prodotto\\\/sistema-pos-android-gc-a8015\\\/\"]]}]},{\"@type\":\"ImageObject\",\"inLanguage\":\"it-IT\",\"@id\":\"https:\\\/\\\/bilanciailcd.it\\\/it\\\/prodotto\\\/sistema-pos-android-gc-a8015\\\/#primaryimage\",\"url\":\"https:\\\/\\\/bilanciailcd.it\\\/wp-content\\\/uploads\\\/2022\\\/07\\\/e1c7e4588265e14d9afe715c3d48d6b368da788f.jpg\",\"contentUrl\":\"https:\\\/\\\/bilanciailcd.it\\\/wp-content\\\/uploads\\\/2022\\\/07\\\/e1c7e4588265e14d9afe715c3d48d6b368da788f.jpg\",\"width\":640,\"height\":480},{\"@type\":\"BreadcrumbList\",\"@id\":\"https:\\\/\\\/bilanciailcd.it\\\/it\\\/prodotto\\\/sistema-pos-android-gc-a8015\\\/#breadcrumb\",\"itemListElement\":[{\"@type\":\"ListItem\",\"position\":1,\"name\":\"Home\",\"item\":\"https:\\\/\\\/bilanciailcd.it\\\/it\\\/\"},{\"@type\":\"ListItem\",\"position\":2,\"name\":\"Shop\",\"item\":\"https:\\\/\\\/bilanciailcd.it\\\/it\\\/negozio\\\/\"},{\"@type\":\"ListItem\",\"position\":3,\"name\":\"Sistema POS Android GC-A8015\"}]},{\"@type\":\"WebSite\",\"@id\":\"https:\\\/\\\/bilanciailcd.it\\\/it\\\/#website\",\"url\":\"https:\\\/\\\/bilanciailcd.it\\\/it\\\/\",\"name\":\"LCD Strumenti per pesare\",\"description\":\"Pesatura industriale\",\"potentialAction\":[{\"@type\":\"SearchAction\",\"target\":{\"@type\":\"EntryPoint\",\"urlTemplate\":\"https:\\\/\\\/bilanciailcd.it\\\/it\\\/?s={search_term_string}\"},\"query-input\":{\"@type\":\"PropertyValueSpecification\",\"valueRequired\":true,\"valueName\":\"search_term_string\"}}],\"inLanguage\":\"it-IT\"}]}<\/script>\n<!-- \/ Yoast SEO plugin. -->","yoast_head_json":{"title":"Sistema POS Android GC-A8015 - LCD Strumenti per pesare","robots":{"index":"index","follow":"follow","max-snippet":"max-snippet:-1","max-image-preview":"max-image-preview:large","max-video-preview":"max-video-preview:-1"},"canonical":"https:\/\/bilanciailcd.it\/it\/prodotto\/sistema-pos-android-gc-a8015\/","og_locale":"it_IT","og_type":"article","og_title":"Sistema POS Android GC-A8015 - LCD Strumenti per pesare","og_description":"Rivoluziona il mondo dei pos, il pos touch android 3i semplice e funzionale. Si differenzia dai tradizionali pc windows in quanto utilizza una piattaforma hardware con sistema operativo android. Il pos con touch screen da 15&#8243; \u00e8 versatile e adatto a qualsiasi attivit\u00e0 commerciale ed \u00e8 completo di stampante fiscale. GC-A8015 \u00e8 disponibile in versione [&hellip;]","og_url":"https:\/\/bilanciailcd.it\/it\/prodotto\/sistema-pos-android-gc-a8015\/","og_site_name":"LCD Strumenti per pesare","article_modified_time":"2022-11-08T12:13:55+00:00","og_image":[{"width":640,"height":480,"url":"https:\/\/bilanciailcd.it\/wp-content\/uploads\/2022\/07\/e1c7e4588265e14d9afe715c3d48d6b368da788f.jpg","type":"image\/jpeg"}],"twitter_card":"summary_large_image","twitter_misc":{"Tempo di lettura stimato":"1 minuto"},"schema":{"@context":"https:\/\/schema.org","@graph":[{"@type":"WebPage","@id":"https:\/\/bilanciailcd.it\/it\/prodotto\/sistema-pos-android-gc-a8015\/","url":"https:\/\/bilanciailcd.it\/it\/prodotto\/sistema-pos-android-gc-a8015\/","name":"Sistema POS Android GC-A8015 - LCD Strumenti per pesare","isPartOf":{"@id":"https:\/\/bilanciailcd.it\/it\/#website"},"primaryImageOfPage":{"@id":"https:\/\/bilanciailcd.it\/it\/prodotto\/sistema-pos-android-gc-a8015\/#primaryimage"},"image":{"@id":"https:\/\/bilanciailcd.it\/prodotto\/sistema-pos-android-gc-a8015\/#primaryimage"},"thumbnailUrl":"https:\/\/bilanciailcd.it\/wp-content\/uploads\/2022\/07\/e1c7e4588265e14d9afe715c3d48d6b368da788f.jpg","datePublished":"2022-07-19T19:41:20+00:00","dateModified":"2022-11-08T12:13:55+00:00","breadcrumb":{"@id":"https:\/\/bilanciailcd.it\/it\/prodotto\/sistema-pos-android-gc-a8015\/#breadcrumb"},"inLanguage":"it-IT","potentialAction":[{"@type":"ReadAction","target":[["https:\/\/bilanciailcd.it\/it\/prodotto\/sistema-pos-android-gc-a8015\/"]]}]},{"@type":"ImageObject","inLanguage":"it-IT","@id":"https:\/\/bilanciailcd.it\/it\/prodotto\/sistema-pos-android-gc-a8015\/#primaryimage","url":"https:\/\/bilanciailcd.it\/wp-content\/uploads\/2022\/07\/e1c7e4588265e14d9afe715c3d48d6b368da788f.jpg","contentUrl":"https:\/\/bilanciailcd.it\/wp-content\/uploads\/2022\/07\/e1c7e4588265e14d9afe715c3d48d6b368da788f.jpg","width":640,"height":480},{"@type":"BreadcrumbList","@id":"https:\/\/bilanciailcd.it\/it\/prodotto\/sistema-pos-android-gc-a8015\/#breadcrumb","itemListElement":[{"@type":"ListItem","position":1,"name":"Home","item":"https:\/\/bilanciailcd.it\/it\/"},{"@type":"ListItem","position":2,"name":"Shop","item":"https:\/\/bilanciailcd.it\/it\/negozio\/"},{"@type":"ListItem","position":3,"name":"Sistema POS Android GC-A8015"}]},{"@type":"WebSite","@id":"https:\/\/bilanciailcd.it\/it\/#website","url":"https:\/\/bilanciailcd.it\/it\/","name":"LCD Strumenti per pesare","description":"Pesatura industriale","potentialAction":[{"@type":"SearchAction","target":{"@type":"EntryPoint","urlTemplate":"https:\/\/bilanciailcd.it\/it\/?s={search_term_string}"},"query-input":{"@type":"PropertyValueSpecification","valueRequired":true,"valueName":"search_term_string"}}],"inLanguage":"it-IT"}]}},"_links":{"self":[{"href":"https:\/\/bilanciailcd.it\/it\/wp-json\/wp\/v2\/product\/2566","targetHints":{"allow":["GET"]}}],"collection":[{"href":"https:\/\/bilanciailcd.it\/it\/wp-json\/wp\/v2\/product"}],"about":[{"href":"https:\/\/bilanciailcd.it\/it\/wp-json\/wp\/v2\/types\/product"}],"wp:featuredmedia":[{"embeddable":true,"href":"https:\/\/bilanciailcd.it\/it\/wp-json\/wp\/v2\/media\/2565"}],"wp:attachment":[{"href":"https:\/\/bilanciailcd.it\/it\/wp-json\/wp\/v2\/media?parent=2566"}],"wp:term":[{"taxonomy":"product_cat","embeddable":true,"href":"https:\/\/bilanciailcd.it\/it\/wp-json\/wp\/v2\/product_cat?post=2566"},{"taxonomy":"product_tag","embeddable":true,"href":"https:\/\/bilanciailcd.it\/it\/wp-json\/wp\/v2\/product_tag?post=2566"}],"curies":[{"name":"wp","href":"https:\/\/api.w.org\/{rel}","templated":true}]}}