{"id":2421,"date":"2022-07-19T21:40:46","date_gmt":"2022-07-19T19:40:46","guid":{"rendered":"https:\/\/lcd.insightcomunicazione.it\/prodotto\/pesa-a-ponte-in-metallo-mwb16-s\/"},"modified":"2024-05-15T09:24:03","modified_gmt":"2024-05-15T07:24:03","slug":"pesa-a-ponte-in-metallo-mwb16-s","status":"publish","type":"product","link":"https:\/\/bilanciailcd.it\/it\/prodotto\/pesa-a-ponte-in-metallo-mwb16-s\/","title":{"rendered":"Pesa a ponte in metallo MWB16-S"},"content":{"rendered":"<p>La pesa a ponte MWB16-S \u00e8 indicata per la pesatura di automezzi e mezzi d\u2019opera con portata fino a 60 tonnellate. \u00c8 idonea per installazioni sopraelevate. La struttura \u00e8 composta da elementi indipendenti che, oltre a facilitare il trasporto ed il montaggio, consente di ottenere stabilit\u00e0 nel tempo e garantisce un corretto funzionamento anche in presenza di naturali assestamenti delle fondazioni. La determinazione del peso \u00e8 garantita dal sistema elettronico, realizzato con 6 oppure 8 celle di carico collegate al terminale di rilevazione del peso, dotato a sua volta di stampante.<\/p>\n<p>Struttura in metallo modulare<br \/>\nElevata resistenza agli agenti atmosferici<br \/>\nFacilit\u00e0 di spostamento<br \/>\nManutenzione semplice della struttura metallica<br \/>\nElevato valore dell\u2019usato<br \/>\nCollaudo di posa in opera secondo le normative vigenti<\/p>","protected":false},"excerpt":{"rendered":"<p>La pesa a ponte MWB16-S \u00e8 indicata per la pesatura di automezzi e mezzi d\u2019opera con portata fino a 60 tonnellate. \u00c8 idonea per installazioni sopraelevate. La struttura \u00e8 composta da elementi indipendenti che, oltre a facilitare il trasporto ed il montaggio, consente di ottenere stabilit\u00e0 nel tempo e garantisce un corretto funzionamento anche in [&hellip;]<\/p>\n","protected":false},"featured_media":4429,"template":"","meta":{"_acf_changed":false},"product_cat":[39,34],"product_tag":[],"class_list":{"0":"post-2421","1":"product","2":"type-product","3":"status-publish","4":"has-post-thumbnail","6":"product_cat-weighing-systems","7":"product_cat-pese-a-ponte","9":"first","10":"instock","11":"taxable","12":"shipping-taxable","13":"purchasable","14":"product-type-simple"},"acf":[],"yoast_head":"<!-- This site is optimized with the Yoast SEO plugin v27.4 - https:\/\/yoast.com\/product\/yoast-seo-wordpress\/ -->\n<title>Pesa a ponte in metallo MWB16-S - LCD Strumenti per pesare<\/title>\n<meta name=\"robots\" content=\"index, follow, max-snippet:-1, max-image-preview:large, max-video-preview:-1\" \/>\n<link rel=\"canonical\" href=\"https:\/\/bilanciailcd.it\/it\/prodotto\/pesa-a-ponte-in-metallo-mwb16-s\/\" \/>\n<meta property=\"og:locale\" content=\"it_IT\" \/>\n<meta property=\"og:type\" content=\"article\" \/>\n<meta property=\"og:title\" content=\"Pesa a ponte in metallo MWB16-S - LCD Strumenti per pesare\" \/>\n<meta property=\"og:description\" content=\"La pesa a ponte MWB16-S \u00e8 indicata per la pesatura di automezzi e mezzi d\u2019opera con portata fino a 60 tonnellate. \u00c8 idonea per installazioni sopraelevate. La struttura \u00e8 composta da elementi indipendenti che, oltre a facilitare il trasporto ed il montaggio, consente di ottenere stabilit\u00e0 nel tempo e garantisce un corretto funzionamento anche in [&hellip;]\" \/>\n<meta property=\"og:url\" content=\"https:\/\/bilanciailcd.it\/it\/prodotto\/pesa-a-ponte-in-metallo-mwb16-s\/\" \/>\n<meta property=\"og:site_name\" content=\"LCD Strumenti per pesare\" \/>\n<meta property=\"article:modified_time\" content=\"2024-05-15T07:24:03+00:00\" \/>\n<meta property=\"og:image\" content=\"https:\/\/bilanciailcd.it\/wp-content\/uploads\/2024\/05\/MWB16-S-5.jpg\" \/>\n\t<meta property=\"og:image:width\" content=\"1600\" \/>\n\t<meta property=\"og:image:height\" content=\"1151\" \/>\n\t<meta property=\"og:image:type\" content=\"image\/jpeg\" \/>\n<meta name=\"twitter:card\" content=\"summary_large_image\" \/>\n<meta name=\"twitter:label1\" content=\"Tempo di lettura stimato\" \/>\n\t<meta name=\"twitter:data1\" content=\"1 minuto\" \/>\n<script type=\"application\/ld+json\" class=\"yoast-schema-graph\">{\"@context\":\"https:\\\/\\\/schema.org\",\"@graph\":[{\"@type\":\"WebPage\",\"@id\":\"https:\\\/\\\/bilanciailcd.it\\\/it\\\/prodotto\\\/pesa-a-ponte-in-metallo-mwb16-s\\\/\",\"url\":\"https:\\\/\\\/bilanciailcd.it\\\/it\\\/prodotto\\\/pesa-a-ponte-in-metallo-mwb16-s\\\/\",\"name\":\"Pesa a ponte in metallo MWB16-S - LCD Strumenti per pesare\",\"isPartOf\":{\"@id\":\"https:\\\/\\\/bilanciailcd.it\\\/it\\\/#website\"},\"primaryImageOfPage\":{\"@id\":\"https:\\\/\\\/bilanciailcd.it\\\/it\\\/prodotto\\\/pesa-a-ponte-in-metallo-mwb16-s\\\/#primaryimage\"},\"image\":{\"@id\":\"https:\\\/\\\/bilanciailcd.it\\\/it\\\/prodotto\\\/pesa-a-ponte-in-metallo-mwb16-s\\\/#primaryimage\"},\"thumbnailUrl\":\"https:\\\/\\\/bilanciailcd.it\\\/wp-content\\\/uploads\\\/2024\\\/05\\\/MWB16-S-5.jpg\",\"datePublished\":\"2022-07-19T19:40:46+00:00\",\"dateModified\":\"2024-05-15T07:24:03+00:00\",\"breadcrumb\":{\"@id\":\"https:\\\/\\\/bilanciailcd.it\\\/it\\\/prodotto\\\/pesa-a-ponte-in-metallo-mwb16-s\\\/#breadcrumb\"},\"inLanguage\":\"it-IT\",\"potentialAction\":[{\"@type\":\"ReadAction\",\"target\":[[\"https:\\\/\\\/bilanciailcd.it\\\/it\\\/prodotto\\\/pesa-a-ponte-in-metallo-mwb16-s\\\/\"]]}]},{\"@type\":\"ImageObject\",\"inLanguage\":\"it-IT\",\"@id\":\"https:\\\/\\\/bilanciailcd.it\\\/it\\\/prodotto\\\/pesa-a-ponte-in-metallo-mwb16-s\\\/#primaryimage\",\"url\":\"https:\\\/\\\/bilanciailcd.it\\\/wp-content\\\/uploads\\\/2024\\\/05\\\/MWB16-S-5.jpg\",\"contentUrl\":\"https:\\\/\\\/bilanciailcd.it\\\/wp-content\\\/uploads\\\/2024\\\/05\\\/MWB16-S-5.jpg\",\"width\":1600,\"height\":1151},{\"@type\":\"BreadcrumbList\",\"@id\":\"https:\\\/\\\/bilanciailcd.it\\\/it\\\/prodotto\\\/pesa-a-ponte-in-metallo-mwb16-s\\\/#breadcrumb\",\"itemListElement\":[{\"@type\":\"ListItem\",\"position\":1,\"name\":\"Home\",\"item\":\"https:\\\/\\\/bilanciailcd.it\\\/it\\\/\"},{\"@type\":\"ListItem\",\"position\":2,\"name\":\"Shop\",\"item\":\"https:\\\/\\\/bilanciailcd.it\\\/it\\\/negozio\\\/\"},{\"@type\":\"ListItem\",\"position\":3,\"name\":\"Pesa a ponte in metallo MWB16-S\"}]},{\"@type\":\"WebSite\",\"@id\":\"https:\\\/\\\/bilanciailcd.it\\\/it\\\/#website\",\"url\":\"https:\\\/\\\/bilanciailcd.it\\\/it\\\/\",\"name\":\"LCD Strumenti per pesare\",\"description\":\"Pesatura industriale\",\"potentialAction\":[{\"@type\":\"SearchAction\",\"target\":{\"@type\":\"EntryPoint\",\"urlTemplate\":\"https:\\\/\\\/bilanciailcd.it\\\/it\\\/?s={search_term_string}\"},\"query-input\":{\"@type\":\"PropertyValueSpecification\",\"valueRequired\":true,\"valueName\":\"search_term_string\"}}],\"inLanguage\":\"it-IT\"}]}<\/script>\n<!-- \/ Yoast SEO plugin. -->","yoast_head_json":{"title":"Pesa a ponte in metallo MWB16-S - LCD Strumenti per pesare","robots":{"index":"index","follow":"follow","max-snippet":"max-snippet:-1","max-image-preview":"max-image-preview:large","max-video-preview":"max-video-preview:-1"},"canonical":"https:\/\/bilanciailcd.it\/it\/prodotto\/pesa-a-ponte-in-metallo-mwb16-s\/","og_locale":"it_IT","og_type":"article","og_title":"Pesa a ponte in metallo MWB16-S - LCD Strumenti per pesare","og_description":"La pesa a ponte MWB16-S \u00e8 indicata per la pesatura di automezzi e mezzi d\u2019opera con portata fino a 60 tonnellate. \u00c8 idonea per installazioni sopraelevate. La struttura \u00e8 composta da elementi indipendenti che, oltre a facilitare il trasporto ed il montaggio, consente di ottenere stabilit\u00e0 nel tempo e garantisce un corretto funzionamento anche in [&hellip;]","og_url":"https:\/\/bilanciailcd.it\/it\/prodotto\/pesa-a-ponte-in-metallo-mwb16-s\/","og_site_name":"LCD Strumenti per pesare","article_modified_time":"2024-05-15T07:24:03+00:00","og_image":[{"width":1600,"height":1151,"url":"https:\/\/bilanciailcd.it\/wp-content\/uploads\/2024\/05\/MWB16-S-5.jpg","type":"image\/jpeg"}],"twitter_card":"summary_large_image","twitter_misc":{"Tempo di lettura stimato":"1 minuto"},"schema":{"@context":"https:\/\/schema.org","@graph":[{"@type":"WebPage","@id":"https:\/\/bilanciailcd.it\/it\/prodotto\/pesa-a-ponte-in-metallo-mwb16-s\/","url":"https:\/\/bilanciailcd.it\/it\/prodotto\/pesa-a-ponte-in-metallo-mwb16-s\/","name":"Pesa a ponte in metallo MWB16-S - LCD Strumenti per pesare","isPartOf":{"@id":"https:\/\/bilanciailcd.it\/it\/#website"},"primaryImageOfPage":{"@id":"https:\/\/bilanciailcd.it\/it\/prodotto\/pesa-a-ponte-in-metallo-mwb16-s\/#primaryimage"},"image":{"@id":"https:\/\/bilanciailcd.it\/it\/prodotto\/pesa-a-ponte-in-metallo-mwb16-s\/#primaryimage"},"thumbnailUrl":"https:\/\/bilanciailcd.it\/wp-content\/uploads\/2024\/05\/MWB16-S-5.jpg","datePublished":"2022-07-19T19:40:46+00:00","dateModified":"2024-05-15T07:24:03+00:00","breadcrumb":{"@id":"https:\/\/bilanciailcd.it\/it\/prodotto\/pesa-a-ponte-in-metallo-mwb16-s\/#breadcrumb"},"inLanguage":"it-IT","potentialAction":[{"@type":"ReadAction","target":[["https:\/\/bilanciailcd.it\/it\/prodotto\/pesa-a-ponte-in-metallo-mwb16-s\/"]]}]},{"@type":"ImageObject","inLanguage":"it-IT","@id":"https:\/\/bilanciailcd.it\/it\/prodotto\/pesa-a-ponte-in-metallo-mwb16-s\/#primaryimage","url":"https:\/\/bilanciailcd.it\/wp-content\/uploads\/2024\/05\/MWB16-S-5.jpg","contentUrl":"https:\/\/bilanciailcd.it\/wp-content\/uploads\/2024\/05\/MWB16-S-5.jpg","width":1600,"height":1151},{"@type":"BreadcrumbList","@id":"https:\/\/bilanciailcd.it\/it\/prodotto\/pesa-a-ponte-in-metallo-mwb16-s\/#breadcrumb","itemListElement":[{"@type":"ListItem","position":1,"name":"Home","item":"https:\/\/bilanciailcd.it\/it\/"},{"@type":"ListItem","position":2,"name":"Shop","item":"https:\/\/bilanciailcd.it\/it\/negozio\/"},{"@type":"ListItem","position":3,"name":"Pesa a ponte in metallo MWB16-S"}]},{"@type":"WebSite","@id":"https:\/\/bilanciailcd.it\/it\/#website","url":"https:\/\/bilanciailcd.it\/it\/","name":"LCD Strumenti per pesare","description":"Pesatura industriale","potentialAction":[{"@type":"SearchAction","target":{"@type":"EntryPoint","urlTemplate":"https:\/\/bilanciailcd.it\/it\/?s={search_term_string}"},"query-input":{"@type":"PropertyValueSpecification","valueRequired":true,"valueName":"search_term_string"}}],"inLanguage":"it-IT"}]}},"_links":{"self":[{"href":"https:\/\/bilanciailcd.it\/it\/wp-json\/wp\/v2\/product\/2421","targetHints":{"allow":["GET"]}}],"collection":[{"href":"https:\/\/bilanciailcd.it\/it\/wp-json\/wp\/v2\/product"}],"about":[{"href":"https:\/\/bilanciailcd.it\/it\/wp-json\/wp\/v2\/types\/product"}],"wp:featuredmedia":[{"embeddable":true,"href":"https:\/\/bilanciailcd.it\/it\/wp-json\/wp\/v2\/media\/4429"}],"wp:attachment":[{"href":"https:\/\/bilanciailcd.it\/it\/wp-json\/wp\/v2\/media?parent=2421"}],"wp:term":[{"taxonomy":"product_cat","embeddable":true,"href":"https:\/\/bilanciailcd.it\/it\/wp-json\/wp\/v2\/product_cat?post=2421"},{"taxonomy":"product_tag","embeddable":true,"href":"https:\/\/bilanciailcd.it\/it\/wp-json\/wp\/v2\/product_tag?post=2421"}],"curies":[{"name":"wp","href":"https:\/\/api.w.org\/{rel}","templated":true}]}}