{"id":2244,"date":"2022-07-19T21:39:56","date_gmt":"2022-07-19T19:39:56","guid":{"rendered":"https:\/\/lcd.insightcomunicazione.it\/prodotto\/stampante-termica-a-rotolo-da-tavolo-gc-kube\/"},"modified":"2022-11-08T12:06:24","modified_gmt":"2022-11-08T11:06:24","slug":"stampante-termica-a-rotolo-da-tavolo-gc-kube","status":"publish","type":"product","link":"https:\/\/bilanciailcd.it\/it\/prodotto\/stampante-termica-a-rotolo-da-tavolo-gc-kube\/","title":{"rendered":"Stampante termica a rotolo da tavolo GC-KUBE"},"content":{"rendered":"<p>Design compatto, attraente e robusto e alla possibilit\u00e0 di montaggio sia in posizione verticale che orizzontale.<\/p>\n<p>Potente e velocissima: stampa su scontrini di larghezza 80\/82.5mm con qualit\u00e0 di stampa straordinaria e possibilit\u00e0 di orientare caratteri e grafica in qualsiasi direzione.<\/p>\n<p>Il rotolo carta di grande formato diametro 90mm consente un\u2019elevata autonomia di stampa.<\/p>\n<p>Dotata di testina di stampa a lunga durata (200Km di carta stampata), ad altissima qualit\u00e0 e del nuovo cutter per il taglio automatico dello scontrino che garantisce la massima funzionalit\u00e0 per oltre 2Ml di tagli. GC-Kube stampa loghi e coupon grafici ad alta risoluzione ed \u00e8 completata da accessori come la protezione anti-schizzo \u201csplash-proof\u201d.<\/p>\n<p>Disponibile con interfaccia USB e Seriale RS232 o Ethernet, con driver di pilotaggio cassetto.<\/p>\n<p>&nbsp;<\/p>\n<p>&nbsp;<\/p>\n<p>&#8211; Stampante per scontrini, comande, ricevute e\/o fatture e comande<\/p>\n<p>&#8211; RS232+USB\/Ethernet<\/p>\n<p>&#8211; Potente e velocissima: 250mm\/sec<\/p>\n<p>&#8211; Stampa loghi e coupon grafici ad alta qualit\u00e0<\/p>\n<p>&#8211; Larghezza carta 80\/82.5mm<\/p>\n<p>&#8211; Robusta ed affidabile<\/p>\n<p>&#8211; Autocutter 2.000.000 tagli<\/p>\n<p>&#8211; Dimensioni: 209mm (L)x140mm (P)x152mm (A)<\/p>\n<p>&nbsp;<\/p>\n<p>&nbsp;<\/p>\n<p>&#8211; Grafica: 2 loghi (608&#215;862 dots)<\/p>\n<p>&#8211; Drivers autoinstallanti: WindowsTM 2K, 2K3,XP,7 (+64bit support), Linux, OPOS, JavaPOS<\/p>\n<p>&#8211; Fonts: PC437,PC850,PC860,PC863,PC865,PC858 e fonts speciali come Cinese e Russo<\/p>\n<p>&#8211; Barcode: UPC-A, UPC-E, EAN8, EAN13, CODE39, ITF, CODABAR, CODE93, CODE128, CODE32 e Barcode 2D PDF417<\/p>","protected":false},"excerpt":{"rendered":"<p>Design compatto, attraente e robusto e alla possibilit\u00e0 di montaggio sia in posizione verticale che orizzontale. Potente e velocissima: stampa su scontrini di larghezza 80\/82.5mm con qualit\u00e0 di stampa straordinaria e possibilit\u00e0 di orientare caratteri e grafica in qualsiasi direzione. Il rotolo carta di grande formato diametro 90mm consente un\u2019elevata autonomia di stampa. Dotata di [&hellip;]<\/p>\n","protected":false},"featured_media":2243,"template":"","meta":{"_acf_changed":false},"product_cat":[42,26],"product_tag":[],"class_list":{"0":"post-2244","1":"product","2":"type-product","3":"status-publish","4":"has-post-thumbnail","6":"product_cat-strumentazione-elettronica","7":"product_cat-stampanti","9":"first","10":"instock","11":"taxable","12":"shipping-taxable","13":"purchasable","14":"product-type-simple"},"acf":[],"yoast_head":"<!-- This site is optimized with the Yoast SEO plugin v27.4 - https:\/\/yoast.com\/product\/yoast-seo-wordpress\/ -->\n<title>Stampante termica a rotolo da tavolo GC-KUBE - LCD Strumenti per pesare<\/title>\n<meta name=\"robots\" content=\"index, follow, max-snippet:-1, max-image-preview:large, max-video-preview:-1\" \/>\n<link rel=\"canonical\" href=\"https:\/\/bilanciailcd.it\/it\/prodotto\/stampante-termica-a-rotolo-da-tavolo-gc-kube\/\" \/>\n<meta property=\"og:locale\" content=\"it_IT\" \/>\n<meta property=\"og:type\" content=\"article\" \/>\n<meta property=\"og:title\" content=\"Stampante termica a rotolo da tavolo GC-KUBE - LCD Strumenti per pesare\" \/>\n<meta property=\"og:description\" content=\"Design compatto, attraente e robusto e alla possibilit\u00e0 di montaggio sia in posizione verticale che orizzontale. Potente e velocissima: stampa su scontrini di larghezza 80\/82.5mm con qualit\u00e0 di stampa straordinaria e possibilit\u00e0 di orientare caratteri e grafica in qualsiasi direzione. Il rotolo carta di grande formato diametro 90mm consente un\u2019elevata autonomia di stampa. Dotata di [&hellip;]\" \/>\n<meta property=\"og:url\" content=\"https:\/\/bilanciailcd.it\/it\/prodotto\/stampante-termica-a-rotolo-da-tavolo-gc-kube\/\" \/>\n<meta property=\"og:site_name\" content=\"LCD Strumenti per pesare\" \/>\n<meta property=\"article:modified_time\" content=\"2022-11-08T11:06:24+00:00\" \/>\n<meta property=\"og:image\" content=\"https:\/\/bilanciailcd.it\/wp-content\/uploads\/2022\/07\/af236a874f2aee8486ad84144ca7a22f8301aedf.jpg\" \/>\n\t<meta property=\"og:image:width\" content=\"1200\" \/>\n\t<meta property=\"og:image:height\" content=\"1435\" \/>\n\t<meta property=\"og:image:type\" content=\"image\/jpeg\" \/>\n<meta name=\"twitter:card\" content=\"summary_large_image\" \/>\n<meta name=\"twitter:label1\" content=\"Tempo di lettura stimato\" \/>\n\t<meta name=\"twitter:data1\" content=\"2 minuti\" \/>\n<script type=\"application\/ld+json\" class=\"yoast-schema-graph\">{\"@context\":\"https:\\\/\\\/schema.org\",\"@graph\":[{\"@type\":\"WebPage\",\"@id\":\"https:\\\/\\\/bilanciailcd.it\\\/it\\\/prodotto\\\/stampante-termica-a-rotolo-da-tavolo-gc-kube\\\/\",\"url\":\"https:\\\/\\\/bilanciailcd.it\\\/it\\\/prodotto\\\/stampante-termica-a-rotolo-da-tavolo-gc-kube\\\/\",\"name\":\"Stampante termica a rotolo da tavolo GC-KUBE - LCD Strumenti per pesare\",\"isPartOf\":{\"@id\":\"https:\\\/\\\/bilanciailcd.it\\\/it\\\/#website\"},\"primaryImageOfPage\":{\"@id\":\"https:\\\/\\\/bilanciailcd.it\\\/it\\\/prodotto\\\/stampante-termica-a-rotolo-da-tavolo-gc-kube\\\/#primaryimage\"},\"image\":{\"@id\":\"https:\\\/\\\/bilanciailcd.it\\\/prodotto\\\/stampante-termica-a-rotolo-da-tavolo-gc-kube\\\/#primaryimage\"},\"thumbnailUrl\":\"https:\\\/\\\/bilanciailcd.it\\\/wp-content\\\/uploads\\\/2022\\\/07\\\/af236a874f2aee8486ad84144ca7a22f8301aedf.jpg\",\"datePublished\":\"2022-07-19T19:39:56+00:00\",\"dateModified\":\"2022-11-08T11:06:24+00:00\",\"breadcrumb\":{\"@id\":\"https:\\\/\\\/bilanciailcd.it\\\/it\\\/prodotto\\\/stampante-termica-a-rotolo-da-tavolo-gc-kube\\\/#breadcrumb\"},\"inLanguage\":\"it-IT\",\"potentialAction\":[{\"@type\":\"ReadAction\",\"target\":[[\"https:\\\/\\\/bilanciailcd.it\\\/it\\\/prodotto\\\/stampante-termica-a-rotolo-da-tavolo-gc-kube\\\/\"]]}]},{\"@type\":\"ImageObject\",\"inLanguage\":\"it-IT\",\"@id\":\"https:\\\/\\\/bilanciailcd.it\\\/it\\\/prodotto\\\/stampante-termica-a-rotolo-da-tavolo-gc-kube\\\/#primaryimage\",\"url\":\"https:\\\/\\\/bilanciailcd.it\\\/wp-content\\\/uploads\\\/2022\\\/07\\\/af236a874f2aee8486ad84144ca7a22f8301aedf.jpg\",\"contentUrl\":\"https:\\\/\\\/bilanciailcd.it\\\/wp-content\\\/uploads\\\/2022\\\/07\\\/af236a874f2aee8486ad84144ca7a22f8301aedf.jpg\",\"width\":1200,\"height\":1435},{\"@type\":\"BreadcrumbList\",\"@id\":\"https:\\\/\\\/bilanciailcd.it\\\/it\\\/prodotto\\\/stampante-termica-a-rotolo-da-tavolo-gc-kube\\\/#breadcrumb\",\"itemListElement\":[{\"@type\":\"ListItem\",\"position\":1,\"name\":\"Home\",\"item\":\"https:\\\/\\\/bilanciailcd.it\\\/it\\\/\"},{\"@type\":\"ListItem\",\"position\":2,\"name\":\"Shop\",\"item\":\"https:\\\/\\\/bilanciailcd.it\\\/it\\\/negozio\\\/\"},{\"@type\":\"ListItem\",\"position\":3,\"name\":\"Stampante termica a rotolo da tavolo GC-KUBE\"}]},{\"@type\":\"WebSite\",\"@id\":\"https:\\\/\\\/bilanciailcd.it\\\/it\\\/#website\",\"url\":\"https:\\\/\\\/bilanciailcd.it\\\/it\\\/\",\"name\":\"LCD Strumenti per pesare\",\"description\":\"Pesatura industriale\",\"potentialAction\":[{\"@type\":\"SearchAction\",\"target\":{\"@type\":\"EntryPoint\",\"urlTemplate\":\"https:\\\/\\\/bilanciailcd.it\\\/it\\\/?s={search_term_string}\"},\"query-input\":{\"@type\":\"PropertyValueSpecification\",\"valueRequired\":true,\"valueName\":\"search_term_string\"}}],\"inLanguage\":\"it-IT\"}]}<\/script>\n<!-- \/ Yoast SEO plugin. -->","yoast_head_json":{"title":"Stampante termica a rotolo da tavolo GC-KUBE - LCD Strumenti per pesare","robots":{"index":"index","follow":"follow","max-snippet":"max-snippet:-1","max-image-preview":"max-image-preview:large","max-video-preview":"max-video-preview:-1"},"canonical":"https:\/\/bilanciailcd.it\/it\/prodotto\/stampante-termica-a-rotolo-da-tavolo-gc-kube\/","og_locale":"it_IT","og_type":"article","og_title":"Stampante termica a rotolo da tavolo GC-KUBE - LCD Strumenti per pesare","og_description":"Design compatto, attraente e robusto e alla possibilit\u00e0 di montaggio sia in posizione verticale che orizzontale. Potente e velocissima: stampa su scontrini di larghezza 80\/82.5mm con qualit\u00e0 di stampa straordinaria e possibilit\u00e0 di orientare caratteri e grafica in qualsiasi direzione. Il rotolo carta di grande formato diametro 90mm consente un\u2019elevata autonomia di stampa. Dotata di [&hellip;]","og_url":"https:\/\/bilanciailcd.it\/it\/prodotto\/stampante-termica-a-rotolo-da-tavolo-gc-kube\/","og_site_name":"LCD Strumenti per pesare","article_modified_time":"2022-11-08T11:06:24+00:00","og_image":[{"width":1200,"height":1435,"url":"https:\/\/bilanciailcd.it\/wp-content\/uploads\/2022\/07\/af236a874f2aee8486ad84144ca7a22f8301aedf.jpg","type":"image\/jpeg"}],"twitter_card":"summary_large_image","twitter_misc":{"Tempo di lettura stimato":"2 minuti"},"schema":{"@context":"https:\/\/schema.org","@graph":[{"@type":"WebPage","@id":"https:\/\/bilanciailcd.it\/it\/prodotto\/stampante-termica-a-rotolo-da-tavolo-gc-kube\/","url":"https:\/\/bilanciailcd.it\/it\/prodotto\/stampante-termica-a-rotolo-da-tavolo-gc-kube\/","name":"Stampante termica a rotolo da tavolo GC-KUBE - LCD Strumenti per pesare","isPartOf":{"@id":"https:\/\/bilanciailcd.it\/it\/#website"},"primaryImageOfPage":{"@id":"https:\/\/bilanciailcd.it\/it\/prodotto\/stampante-termica-a-rotolo-da-tavolo-gc-kube\/#primaryimage"},"image":{"@id":"https:\/\/bilanciailcd.it\/prodotto\/stampante-termica-a-rotolo-da-tavolo-gc-kube\/#primaryimage"},"thumbnailUrl":"https:\/\/bilanciailcd.it\/wp-content\/uploads\/2022\/07\/af236a874f2aee8486ad84144ca7a22f8301aedf.jpg","datePublished":"2022-07-19T19:39:56+00:00","dateModified":"2022-11-08T11:06:24+00:00","breadcrumb":{"@id":"https:\/\/bilanciailcd.it\/it\/prodotto\/stampante-termica-a-rotolo-da-tavolo-gc-kube\/#breadcrumb"},"inLanguage":"it-IT","potentialAction":[{"@type":"ReadAction","target":[["https:\/\/bilanciailcd.it\/it\/prodotto\/stampante-termica-a-rotolo-da-tavolo-gc-kube\/"]]}]},{"@type":"ImageObject","inLanguage":"it-IT","@id":"https:\/\/bilanciailcd.it\/it\/prodotto\/stampante-termica-a-rotolo-da-tavolo-gc-kube\/#primaryimage","url":"https:\/\/bilanciailcd.it\/wp-content\/uploads\/2022\/07\/af236a874f2aee8486ad84144ca7a22f8301aedf.jpg","contentUrl":"https:\/\/bilanciailcd.it\/wp-content\/uploads\/2022\/07\/af236a874f2aee8486ad84144ca7a22f8301aedf.jpg","width":1200,"height":1435},{"@type":"BreadcrumbList","@id":"https:\/\/bilanciailcd.it\/it\/prodotto\/stampante-termica-a-rotolo-da-tavolo-gc-kube\/#breadcrumb","itemListElement":[{"@type":"ListItem","position":1,"name":"Home","item":"https:\/\/bilanciailcd.it\/it\/"},{"@type":"ListItem","position":2,"name":"Shop","item":"https:\/\/bilanciailcd.it\/it\/negozio\/"},{"@type":"ListItem","position":3,"name":"Stampante termica a rotolo da tavolo GC-KUBE"}]},{"@type":"WebSite","@id":"https:\/\/bilanciailcd.it\/it\/#website","url":"https:\/\/bilanciailcd.it\/it\/","name":"LCD Strumenti per pesare","description":"Pesatura industriale","potentialAction":[{"@type":"SearchAction","target":{"@type":"EntryPoint","urlTemplate":"https:\/\/bilanciailcd.it\/it\/?s={search_term_string}"},"query-input":{"@type":"PropertyValueSpecification","valueRequired":true,"valueName":"search_term_string"}}],"inLanguage":"it-IT"}]}},"_links":{"self":[{"href":"https:\/\/bilanciailcd.it\/it\/wp-json\/wp\/v2\/product\/2244","targetHints":{"allow":["GET"]}}],"collection":[{"href":"https:\/\/bilanciailcd.it\/it\/wp-json\/wp\/v2\/product"}],"about":[{"href":"https:\/\/bilanciailcd.it\/it\/wp-json\/wp\/v2\/types\/product"}],"wp:featuredmedia":[{"embeddable":true,"href":"https:\/\/bilanciailcd.it\/it\/wp-json\/wp\/v2\/media\/2243"}],"wp:attachment":[{"href":"https:\/\/bilanciailcd.it\/it\/wp-json\/wp\/v2\/media?parent=2244"}],"wp:term":[{"taxonomy":"product_cat","embeddable":true,"href":"https:\/\/bilanciailcd.it\/it\/wp-json\/wp\/v2\/product_cat?post=2244"},{"taxonomy":"product_tag","embeddable":true,"href":"https:\/\/bilanciailcd.it\/it\/wp-json\/wp\/v2\/product_tag?post=2244"}],"curies":[{"name":"wp","href":"https:\/\/api.w.org\/{rel}","templated":true}]}}