{"id":3,"date":"2022-07-04T12:22:24","date_gmt":"2022-07-04T10:22:24","guid":{"rendered":"https:\/\/lcd.insightcomunicazione.it\/?page_id=3"},"modified":"2022-07-26T14:55:15","modified_gmt":"2022-07-26T12:55:15","slug":"privacy","status":"publish","type":"page","link":"https:\/\/bilanciailcd.it\/it\/privacy\/","title":{"rendered":"Privacy e trattamento dei dati"},"content":{"rendered":"<p><br \/><br \/><em>Questo sito raccoglie alcuni dati personali dei propri Utenti.<\/em><br \/>Titolare del Trattamento dei dati<br \/>LCD Laboratorio Metrologico \/ Via Gen. Nastri, 23 84084 Fisciano (SA)<br \/>Indirizzo email del Titolare: info@laboratoriometrologico.it<br \/><br \/><strong>TIPOLOGIA DEI DATI RACCOLTI<\/strong><br \/>Fra i dati personali raccolti da questo sito, in modo autonomo o tramite terze parti, ci sono: email, nome, cognome, numero di telefono, cookie e dati di utilizzo.<br \/>Dettagli completi su ciascuna tipologia di dati raccolti sono forniti nelle sezioni dedicate di questa privacy policy o mediante specifici testi informativi visualizzati prima della raccolta dei dati stessi.<br \/>I dati personali possono essere liberamente forniti dall&#8217;Utente o, nel caso di dati di Utilizzo, raccolti automaticamente durante l&#8217;uso di questo sito. Se non diversamente specificato, tutti i dati richiesti da questo sito sono obbligatori. Se l\u2019Utente rifiuta di comunicarli, potrebbe essere impossibile per questo sito fornire il Servizio. Nei casi in cui questo sito indichi alcuni dati come facoltativi, gli Utenti sono liberi di astenersi dal comunicare tali dati, senza che ci\u00f2 abbia alcuna conseguenza sulla disponibilit\u00e0 del Servizio o sulla sua operativit\u00e0. Gli Utenti che dovessero avere dubbi su quali dati siano obbligatori, sono incoraggiati a contattare il Titolare.<br \/>L\u2019eventuale utilizzo di Cookie &#8211; o di altri strumenti di tracciamento &#8211; da parte di questa sito o dei titolari dei servizi terzi utilizzati da questa sito, ove non diversamente precisato, ha la finalit\u00e0 di fornire il Servizio richiesto dall&#8217;Utente, oltre alle ulteriori finalit\u00e0 descritte nel presente documento e nella Cookie Policy, se disponibile.<br \/><br \/>L&#8217;Utente si assume la responsabilit\u00e0 dei dati personali di terzi ottenuti, pubblicati o condivisi mediante questa sito e garantisce di avere il diritto di comunicarli o diffonderli, liberando il Titolare da qualsiasi responsabilit\u00e0 verso terzi.<br \/><br \/><strong>MODALIT\u00c0 E LUOGO DEL TRATTAMENTO DEI DATI RACCOLTI<\/strong><br \/>Modalit\u00e0 di trattamento<br \/>Il Titolare adotta le opportune misure di sicurezza volte ad impedire l\u2019accesso, la divulgazione, la modifica o la distruzione non autorizzate dei dati personali. Il trattamento viene effettuato mediante strumenti informatici e\/o telematici, con modalit\u00e0 organizzative e con logiche strettamente correlate alle finalit\u00e0 indicate. Oltre al Titolare, in alcuni casi, potrebbero avere accesso ai dati altri soggetti coinvolti nell\u2019organizzazione di questo sito (personale amministrativo, commerciale, marketing, legali, amministratori di sistema) ovvero soggetti esterni (come fornitori di servizi tecnici terzi, corrieri postali, hosting provider, societ\u00e0 informatiche, agenzie di comunicazione) nominati anche, se necessario, Responsabili del Trattamento da parte del Titolare. L\u2019elenco aggiornato dei Responsabili potr\u00e0 sempre essere richiesto al Titolare del Trattamento.<br \/><br \/>Base giuridica del trattamento<br \/>Il Titolare tratta dati personali relativi all\u2019Utente in caso sussista una delle seguenti condizioni:<br \/><br \/>l\u2019Utente ha prestato il consenso per una o pi\u00f9 finalit\u00e0 specifiche; Nota: in alcuni ordinamenti il Titolare pu\u00f2 essere autorizzato a trattare dati personali senza che debba sussistere il consenso dell\u2019Utente o un\u2019altra delle basi giuridiche specificate di seguito, fino a quando l\u2019Utente non si opponga (\u201copt-out\u201d) a tale trattamento. Ci\u00f2 non \u00e8 tuttavia applicabile qualora il trattamento di dati personali sia regolato dalla legislazione europea in materia di protezione dei dati personali;<br \/>il trattamento \u00e8 necessario all&#8217;esecuzione di un contratto con l\u2019Utente e\/o all&#8217;esecuzione di misure precontrattuali;<br \/>il trattamento \u00e8 necessario per adempiere un obbligo legale al quale \u00e8 soggetto il Titolare;<br \/>il trattamento \u00e8 necessario per l&#8217;esecuzione di un compito di interesse pubblico o per l&#8217;esercizio di pubblici poteri di cui \u00e8 investito il Titolare;<br \/>il trattamento \u00e8 necessario per il perseguimento del legittimo interesse del Titolare o di terzi.<br \/><br \/>\u00e8 comunque sempre possibile richiedere al Titolare di chiarire la concreta base giuridica di ciascun trattamento ed in particolare di specificare se il trattamento sia basato sulla legge, previsto da un contratto o necessario per concludere un contratto.<br \/><br \/>Luogo<br \/>I dati sono trattati presso le sedi operative del Titolare ed in ogni altro luogo in cui le parti coinvolte nel trattamento siano localizzate. Per ulteriori informazioni, contatta il Titolare. I dati personali dell\u2019Utente potrebbero essere trasferiti in un paese diverso da quello in cui l\u2019Utente si trova. Per ottenere ulteriori informazioni sul luogo del trattamento l\u2019Utente pu\u00f2 fare riferimento alla sezione relativa ai dettagli sul trattamento dei dati personali.<br \/>L\u2019Utente ha diritto a ottenere informazioni in merito alla base giuridica del trasferimento di dati al di fuori dell\u2019Unione Europea o ad un\u2019organizzazione internazionale di diritto internazionale pubblico o costituita da due o pi\u00f9 paesi, come ad esempio l\u2019ONU, nonch\u00e9 in merito alle misure di sicurezza adottate dal Titolare per proteggere i dati.<br \/>Qualora abbia luogo uno dei trasferimenti appena descritti, l\u2019Utente pu\u00f2 fare riferimento alle rispettive sezioni di questo documento o chiedere informazioni al Titolare contattandolo agli estremi riportati in apertura. Periodo di conservazione<br \/>I dati sono trattati e conservati per il tempo richiesto dalle finalit\u00e0 per le quali sono stati raccolti.<br \/>Pertanto:<br \/><br \/>I dati personali raccolti per scopi collegati all\u2019esecuzione di un contratto tra il Titolare e l\u2019Utente saranno trattenuti sino a quando sia completata l\u2019esecuzione di tale contratto.<br \/>I dati personali raccolti per finalit\u00e0 riconducibili all\u2019interesse legittimo del Titolare saranno trattenuti sino al soddisfacimento di tale interesse. L\u2019Utente pu\u00f2 ottenere ulteriori informazioni in merito all\u2019interesse legittimo perseguito dal Titolare nelle relative sezioni di questo documento o contattando il Titolare.<br \/>Quando il trattamento \u00e8 basato sul consenso dell\u2019Utente, il Titolare pu\u00f2 conservare i dati personali pi\u00f9 a lungo sino a quando detto consenso non venga revocato. Inoltre il Titolare potrebbe essere obbligato a conservare i dati personali per un periodo pi\u00f9 lungo in ottemperanza ad un obbligo di legge o per ordine di un\u2019autorit\u00e0.<br \/>Al termine del periodo di conservazioni i dati personali saranno cancellati. Pertanto, allo spirare di tale termine il diritto di accesso, cancellazione, rettificazione ed il diritto alla portabilit\u00e0 dei dati non potranno pi\u00f9 essere esercitati.<br \/><br \/><strong>FINALIT\u00c0 DEL TRATTAMENTO DEI DATI RACCOLTI<\/strong><br \/>I dati dell\u2019Utente sono raccolti per consentire al Titolare di fornire i propri Servizi, cos\u00ec come per le seguenti finalit\u00e0:<br \/><br \/><strong>Contattare l&#8217;Utente<\/strong><br \/>Con la registrazione alla mailing list o alla newsletter, l\u2019indirizzo email dell\u2019Utente viene automaticamente inserito in una lista di contatti a cui potranno essere trasmessi messaggi email contenenti informazioni, anche di natura commerciale e promozionale, relative a questa Applicazione. L&#8217;indirizzo email dell&#8217;Utente potrebbe anche essere aggiunto a questa lista come risultato della registrazione a questa Applicazione o dopo aver effettuato un acquisto. Dati Personali raccolti: email.<br \/><br \/><strong>Modulo di contatto (questo sito web)<\/strong><br \/>L\u2019Utente, compilando con i propri Dati il modulo di contatto, acconsente al loro utilizzo per rispondere alle richieste di informazioni, di preventivo, o di qualunque altra natura indicata dall\u2019intestazione del modulo. Dati Personali raccolti: cognome, email, nome, numero di telefono, azienda, localit\u00e0.<br \/><br \/><strong>Ottimizzazione e distribuzione del traffico<\/strong><br \/>Questo tipo di servizi permette a questa Applicazione di distribuire i propri contenuti tramite dei server dislocati sul territorio e di ottimizzare le prestazioni della stessa. I Dati Personali trattati dipendono dalle caratteristiche e della modalit\u00e0 d\u2019implementazione di questi servizi, che per loro natura filtrano le comunicazioni fra questa Applicazione ed il browser dell\u2019Utente. Vista la natura distribuita di questo sistema, \u00e8 difficile determinare i luoghi in cui vengono trasferiti i contenuti, che potrebbero contenere dati personali dell\u2019Utente.<br \/><br \/><strong>Protezione dallo SPAM<\/strong><br \/>Questo tipo di servizi analizza il traffico di questa Applicazione, potenzialmente contenente dati personali degli Utenti, al fine di filtrarlo da parti di traffico, messaggi e contenuti riconosciuti come SPAM.<br \/><br \/><strong>PayPal (Paypal)<\/strong><br \/>PayPal \u00e8 un servizio di pagamento fornito da PayPal Inc., che consente all\u2019Utente di effettuare pagamenti online.<br \/>Dati Personali raccolti: varie tipologie di dati secondo quanto specificato dalla privacy policy del servizio.<br \/><br \/><strong>Google reCAPTCHA (Google Inc.)<\/strong><br \/>Google reCAPTCHA \u00e8 un servizio di protezione dallo SPAM fornito da Google Inc. L&#8217;utilizzo del sistema reCAPTCHA \u00e8 soggetto alla privacy policy e ai termini di utilizzo di Google. <br \/>Dati Personali raccolti: Cookie e Dati di utilizzo.<br \/>Luogo del trattamento: Stati Uniti. Soggetto aderente al Privacy Shield.<br \/><br \/><strong>CloudFlare (Cloudflare)<\/strong><br \/>CloudFlare \u00e8 un servizio di ottimizzazione e distribuzione del traffico fornito da CloudFlare Inc. Le modalit\u00e0 di integrazione di CloudFlare prevedono che questo filtri tutto il traffico di questa Applicazione, ossia le comunicazioni fra questa Applicazione ed il browser dell\u2019Utente, permettendo anche la raccolta di dati statistici su di esso. <br \/>Dati Personali raccolti: Cookie e varie tipologie di Dati secondo quanto specificato dalla privacy policy del servizio. <br \/>Luogo del trattamento: Stati Uniti<br \/><br \/><strong>AWS<\/strong><br \/>Questo tipo di servizi consente di gestire un database di contatti email, contatti telefonici o contatti di qualunque altro tipo, utilizzati per comunicare con l\u2019Utente. Questi servizi potrebbero inoltre consentire di raccogliere dati relativi alla data e all\u2019ora di visualizzazione dei messaggi da parte dell\u2019Utente, cos\u00ec come all\u2019interazione dell&#8217;Utente con essi, come le informazioni sui click sui collegamenti inseriti nei messaggi. <br \/>Dati Personali raccolti: Cookie, Dati di utilizzo e email. <br \/>Luogo del trattamento: Stati Uniti <br \/><br \/><strong>Statistica<\/strong><br \/>I servizi contenuti nella presente sezione permettono al Titolare del Trattamento di monitorare e analizzare i dati di traffico e servono a tener traccia del comportamento dell\u2019Utente.<br \/><br \/><strong>Google Analytics (Google Inc.)<\/strong><br \/>Google Analytics \u00e8 un servizio di analisi web fornito da Google Inc. (\u201cGoogle\u201d). Google utilizza i Dati Personali raccolti allo scopo di tracciare ed esaminare l\u2019utilizzo di questo Sito Web, compilare report e condividerli con gli altri servizi sviluppati da Google. Google potrebbe utilizzare i Dati Personali per contestualizzare e personalizzare gli annunci del proprio network pubblicitario.<br \/>Dati Personali raccolti: Cookie e Dati di utilizzo.<br \/>Luogo del trattamento: USA<br \/><br \/><strong>Google Analytics con IP anonimizzato (Google Inc.)<\/strong><br \/>Google Analytics \u00e8 un servizio di analisi web fornito da Google Inc. (\u201cGoogle\u201d). Google utilizza i Dati Personali raccolti allo scopo di tracciare ed esaminare l\u2019utilizzo di questo Sito Web, compilare report e condividerli con gli altri servizi sviluppati da Google. Google potrebbe utilizzare i Dati Personali per contestualizzare e personalizzare gli annunci del proprio network pubblicitario. Questa integrazione di Google Analytics rende anonimo il tuo indirizzo IP. L&#8217;anonimizzazione funziona abbreviando entro i confini degli stati membri dell&#8217;Unione Europea o in altri Paesi aderenti all&#8217;accordo sullo Spazio Economico Europeo l&#8217;indirizzo IP degli Utenti. Solo in casi eccezionali, l&#8217;indirizzo IP sar\u00e0 inviato ai server di Google ed abbreviato all&#8217;interno degli Stati Uniti.<br \/>Dati Personali raccolti: Cookie e Dati di utilizzo.<br \/>Luogo del trattamento: USA<br \/><br \/><strong>Widget Video YouTube (Google Inc.)<\/strong><br \/>YouTube \u00e8 un servizio di visualizzazione di contenuti video gestito da Google Inc. che permette a questo Sito Web di integrare tali contenuti all\u2019interno delle proprie pagine. Dati Personali raccolti: Cookie e Dati di utilizzo.<br \/>Luogo del trattamento: USA<br \/><br \/><br \/><strong>DIRITTI DELL\u2019UTENTE<\/strong><br \/>Gli Utenti possono esercitare determinati diritti con riferimento ai dati trattati dal Titolare.<br \/>In particolare, l\u2019Utente ha il diritto di:<br \/><br \/>&#8211; <strong>revocare il consenso in ogni momento<\/strong>. L\u2019Utente pu\u00f2 revocare il consenso al trattamento dei propri dati personali precedentemente espresso.<br \/>&#8211; <strong>opporsi al trattamento dei propri dati<\/strong>. L\u2019Utente pu\u00f2 opporsi al trattamento dei propri dati quando esso avviene su una base giuridica diversa dal consenso. Ulteriori dettagli sul diritto di opposizione sono indicati nella sezione sottostante.<br \/>&#8211; <strong>accedere ai propri dati<\/strong>. L\u2019Utente ha diritto ad ottenere informazioni sui dati trattati dal Titolare, su determinati aspetti del trattamento ed a ricevere una copia dei dati trattati.<br \/>&#8211; <strong>verificare e chiedere la rettificazione<\/strong>. L\u2019Utente pu\u00f2 verificare la correttezza dei propri dati e richiederne l\u2019aggiornamento o la correzione. <br \/>&#8211; <strong>ottenere la limitazione del trattamento<\/strong>. Quando ricorrono determinate condizioni, l\u2019Utente pu\u00f2 richiedere la limitazione del trattamento dei propri dati. In tal caso il Titolare non tratter\u00e0 i dati per alcun altro scopo se non la loro conservazione.<br \/>&#8211; <strong>ottenere la cancellazione o rimozione dei propri dati personali<\/strong>. Quando ricorrono determinate condizioni, l\u2019Utente pu\u00f2 richiedere la cancellazione dei propri dati da parte del Titolare.<br \/>\u2028- <strong>ricevere i propri dati o farli trasferire ad altro titolare<\/strong>. L\u2019Utente ha diritto di ricevere i propri dati in formato strutturato, di uso comune e leggibile da dispositivo automatico e, ove tecnicamente fattibile, di ottenerne il trasferimento senza ostacoli ad un altro titolare. Questa disposizione \u00e8 applicabile quando i dati sono trattati con strumenti automatizzati ed il trattamento \u00e8 basato sul consenso dell\u2019Utente, su un contratto di cui l\u2019Utente \u00e8 parte o su misure contrattuali ad esso connesse.<br \/>&#8211; <strong>proporre reclamo<\/strong>. L\u2019Utente pu\u00f2 proporre un reclamo all\u2019autorit\u00e0 di controllo della protezione dei dati personali competente o agire in sede giudiziale.<br \/><br \/><strong>Dettagli sul diritto di opposizione<\/strong><br \/>Quando i dati personali sono trattati nell\u2019interesse pubblico, nell\u2019esercizio di pubblici poteri di cui \u00e8 investito il Titolare oppure per perseguire un interesse legittimo del Titolare, gli Utenti hanno diritto ad opporsi al trattamento per motivi connessi alla loro situazione particolare.<br \/>Si fa presente agli Utenti che, ove i loro dati fossero trattati con finalit\u00e0 di marketing diretto, possono opporsi al trattamento senza fornire alcuna motivazione. Per scoprire se il Titolare tratti dati con finalit\u00e0 di marketing diretto gli Utenti possono fare riferimento alle rispettive sezioni di questo documento.<br \/><br \/><strong>Come esercitare i diritti<\/strong><br \/>Per esercitare i diritti dell\u2019Utente, gli Utenti possono indirizzare una richiesta agli estremi di contatto del Titolare indicati in questo documento. Le richieste sono depositate a titolo gratuito e evase dal Titolare nel pi\u00f9 breve tempo possibile, in ogni caso entro un mese.<br \/><br \/><strong>COOKIE POLICY<\/strong><br \/>Questo Sito Web fa utilizzo di Cookie. Per saperne di pi\u00f9 e per prendere visione dell\u2019informativa dettagliata, l\u2019Utente pu\u00f2 consultare la Cookie Policy.<br \/><br \/><strong>Ulteriori informazioni sul trattamento<\/strong><br \/><br \/><strong>Difesa in giudizio<\/strong><br \/>I dati personali dell\u2019Utente possono essere utilizzati da parte del Titolare in giudizio o nelle fasi preparatorie alla sua eventuale instaurazione per la difesa da abusi nell&#8217;utilizzo di questa sito o dei Servizi connessi da parte dell\u2019Utente. L\u2019Utente dichiara di essere consapevole che il Titolare potrebbe essere obbligato a rivelare i dati per ordine delle autorit\u00e0 pubbliche.<br \/><br \/><strong>Informative specifiche<\/strong><br \/>Su richiesta dell\u2019Utente, in aggiunta alle informazioni contenute in questa privacy policy, questa sito potrebbe fornire all&#8217;Utente delle informative aggiuntive e contestuali riguardanti Servizi specifici, o la raccolta ed il trattamento di dati personali.<br \/><br \/><strong>Log di sistema e manutenzione<\/strong><br \/>Per necessit\u00e0 legate al funzionamento ed alla manutenzione, questa sito e gli eventuali servizi terzi da essa utilizzati potrebbero raccogliere Log di sistema, ossia file che registrano le interazioni e che possono contenere anche dati personali, quali l\u2019indirizzo IP Utente.<br \/><br \/><strong>Informazioni non contenute in questa policy<\/strong><br \/>Ulteriori informazioni in relazione al trattamento dei dati personali potranno essere richieste in qualsiasi momento al Titolare del Trattamento utilizzando gli estremi di contatto.<br \/><br \/><strong>Risposta alle richieste Do Not Track<\/strong><br \/>Questa sito non supporta le richieste Do Not Track. Per scoprire se gli eventuali servizi di terze parti utilizzati le supportino, l&#8217;Utente \u00e8 invitato a consultare le rispettive privacy policy.<br \/><br \/><strong>Modifiche a questa privacy policy<\/strong><br \/>Il Titolare del Trattamento si riserva il diritto di apportare modifiche alla presente privacy policy in qualunque momento dandone informazione agli Utenti su questa pagina e, se possibile, su questa sito nonch\u00e9, qualora tecnicamente e legalmente fattibile, inviando una notifica agli Utenti attraverso uno degli estremi di contatto di cui \u00e8 in possesso il Titolare . Si prega dunque di consultare regolarmente questa pagina, facendo riferimento alla data di ultima modifica indicata in fondo.<br \/><br \/>Qualora le modifiche interessino trattamenti la cui base giuridica \u00e8 il consenso, il Titolare provveder\u00e0 a raccogliere nuovamente il consenso dell\u2019Utente, se necessario.<br \/><br \/>Riferimenti legali<br \/>La presente informativa privacy \u00e8 redatta sulla base di molteplici ordinamenti legislativi, inclusi gli artt. 13 e 14 del Regolamento (UE) 2016\/679.<br \/><br \/>Ove non diversamente specificato, questa informativa privacy riguarda esclusivamente questo Sito Web.<br \/><br \/>Ultima modifica: 24 Maggio 2018<\/p>","protected":false},"excerpt":{"rendered":"<p>Questo sito raccoglie alcuni dati personali dei propri Utenti.Titolare del Trattamento dei datiLCD Laboratorio Metrologico \/ Via Gen. Nastri, 23 84084 Fisciano (SA)Indirizzo email del Titolare: info@laboratoriometrologico.it TIPOLOGIA DEI DATI RACCOLTIFra i dati personali raccolti da questo sito, in modo autonomo o tramite terze parti, ci sono: email, nome, cognome, numero di telefono, cookie e [&hellip;]<\/p>\n","protected":false},"author":1,"featured_media":0,"parent":0,"menu_order":0,"comment_status":"closed","ping_status":"closed","template":"","meta":{"_acf_changed":false,"footnotes":""},"class_list":["post-3","page","type-page","status-publish","hentry"],"acf":[],"yoast_head":"<!-- This site is optimized with the Yoast SEO plugin v27.4 - https:\/\/yoast.com\/product\/yoast-seo-wordpress\/ -->\n<title>Privacy e trattamento dei dati - LCD Strumenti per pesare<\/title>\n<meta name=\"robots\" content=\"index, follow, max-snippet:-1, max-image-preview:large, max-video-preview:-1\" \/>\n<link rel=\"canonical\" href=\"https:\/\/bilanciailcd.it\/it\/privacy\/\" \/>\n<meta property=\"og:locale\" content=\"it_IT\" \/>\n<meta property=\"og:type\" content=\"article\" \/>\n<meta property=\"og:title\" content=\"Privacy e trattamento dei dati - LCD Strumenti per pesare\" \/>\n<meta property=\"og:description\" content=\"Questo sito raccoglie alcuni dati personali dei propri Utenti.Titolare del Trattamento dei datiLCD Laboratorio Metrologico \/ Via Gen. Nastri, 23 84084 Fisciano (SA)Indirizzo email del Titolare: info@laboratoriometrologico.it TIPOLOGIA DEI DATI RACCOLTIFra i dati personali raccolti da questo sito, in modo autonomo o tramite terze parti, ci sono: email, nome, cognome, numero di telefono, cookie e [&hellip;]\" \/>\n<meta property=\"og:url\" content=\"https:\/\/bilanciailcd.it\/it\/privacy\/\" \/>\n<meta property=\"og:site_name\" content=\"LCD Strumenti per pesare\" \/>\n<meta property=\"article:modified_time\" content=\"2022-07-26T12:55:15+00:00\" \/>\n<meta name=\"twitter:card\" content=\"summary_large_image\" \/>\n<meta name=\"twitter:label1\" content=\"Tempo di lettura stimato\" \/>\n\t<meta name=\"twitter:data1\" content=\"14 minuti\" \/>\n<script type=\"application\/ld+json\" class=\"yoast-schema-graph\">{\"@context\":\"https:\\\/\\\/schema.org\",\"@graph\":[{\"@type\":\"WebPage\",\"@id\":\"https:\\\/\\\/bilanciailcd.it\\\/it\\\/privacy\\\/\",\"url\":\"https:\\\/\\\/bilanciailcd.it\\\/it\\\/privacy\\\/\",\"name\":\"Privacy e trattamento dei dati - LCD Strumenti per pesare\",\"isPartOf\":{\"@id\":\"https:\\\/\\\/bilanciailcd.it\\\/it\\\/#website\"},\"datePublished\":\"2022-07-04T10:22:24+00:00\",\"dateModified\":\"2022-07-26T12:55:15+00:00\",\"breadcrumb\":{\"@id\":\"https:\\\/\\\/bilanciailcd.it\\\/it\\\/privacy\\\/#breadcrumb\"},\"inLanguage\":\"it-IT\",\"potentialAction\":[{\"@type\":\"ReadAction\",\"target\":[[\"https:\\\/\\\/bilanciailcd.it\\\/it\\\/privacy\\\/\"]]}]},{\"@type\":\"BreadcrumbList\",\"@id\":\"https:\\\/\\\/bilanciailcd.it\\\/it\\\/privacy\\\/#breadcrumb\",\"itemListElement\":[{\"@type\":\"ListItem\",\"position\":1,\"name\":\"Home\",\"item\":\"https:\\\/\\\/bilanciailcd.it\\\/it\\\/\"},{\"@type\":\"ListItem\",\"position\":2,\"name\":\"Privacy e trattamento dei dati\"}]},{\"@type\":\"WebSite\",\"@id\":\"https:\\\/\\\/bilanciailcd.it\\\/it\\\/#website\",\"url\":\"https:\\\/\\\/bilanciailcd.it\\\/it\\\/\",\"name\":\"LCD Strumenti per pesare\",\"description\":\"Pesatura industriale\",\"potentialAction\":[{\"@type\":\"SearchAction\",\"target\":{\"@type\":\"EntryPoint\",\"urlTemplate\":\"https:\\\/\\\/bilanciailcd.it\\\/it\\\/?s={search_term_string}\"},\"query-input\":{\"@type\":\"PropertyValueSpecification\",\"valueRequired\":true,\"valueName\":\"search_term_string\"}}],\"inLanguage\":\"it-IT\"}]}<\/script>\n<!-- \/ Yoast SEO plugin. -->","yoast_head_json":{"title":"Privacy e trattamento dei dati - LCD Strumenti per pesare","robots":{"index":"index","follow":"follow","max-snippet":"max-snippet:-1","max-image-preview":"max-image-preview:large","max-video-preview":"max-video-preview:-1"},"canonical":"https:\/\/bilanciailcd.it\/it\/privacy\/","og_locale":"it_IT","og_type":"article","og_title":"Privacy e trattamento dei dati - LCD Strumenti per pesare","og_description":"Questo sito raccoglie alcuni dati personali dei propri Utenti.Titolare del Trattamento dei datiLCD Laboratorio Metrologico \/ Via Gen. Nastri, 23 84084 Fisciano (SA)Indirizzo email del Titolare: info@laboratoriometrologico.it TIPOLOGIA DEI DATI RACCOLTIFra i dati personali raccolti da questo sito, in modo autonomo o tramite terze parti, ci sono: email, nome, cognome, numero di telefono, cookie e [&hellip;]","og_url":"https:\/\/bilanciailcd.it\/it\/privacy\/","og_site_name":"LCD Strumenti per pesare","article_modified_time":"2022-07-26T12:55:15+00:00","twitter_card":"summary_large_image","twitter_misc":{"Tempo di lettura stimato":"14 minuti"},"schema":{"@context":"https:\/\/schema.org","@graph":[{"@type":"WebPage","@id":"https:\/\/bilanciailcd.it\/it\/privacy\/","url":"https:\/\/bilanciailcd.it\/it\/privacy\/","name":"Privacy e trattamento dei dati - LCD Strumenti per pesare","isPartOf":{"@id":"https:\/\/bilanciailcd.it\/it\/#website"},"datePublished":"2022-07-04T10:22:24+00:00","dateModified":"2022-07-26T12:55:15+00:00","breadcrumb":{"@id":"https:\/\/bilanciailcd.it\/it\/privacy\/#breadcrumb"},"inLanguage":"it-IT","potentialAction":[{"@type":"ReadAction","target":[["https:\/\/bilanciailcd.it\/it\/privacy\/"]]}]},{"@type":"BreadcrumbList","@id":"https:\/\/bilanciailcd.it\/it\/privacy\/#breadcrumb","itemListElement":[{"@type":"ListItem","position":1,"name":"Home","item":"https:\/\/bilanciailcd.it\/it\/"},{"@type":"ListItem","position":2,"name":"Privacy e trattamento dei dati"}]},{"@type":"WebSite","@id":"https:\/\/bilanciailcd.it\/it\/#website","url":"https:\/\/bilanciailcd.it\/it\/","name":"LCD Strumenti per pesare","description":"Pesatura industriale","potentialAction":[{"@type":"SearchAction","target":{"@type":"EntryPoint","urlTemplate":"https:\/\/bilanciailcd.it\/it\/?s={search_term_string}"},"query-input":{"@type":"PropertyValueSpecification","valueRequired":true,"valueName":"search_term_string"}}],"inLanguage":"it-IT"}]}},"_links":{"self":[{"href":"https:\/\/bilanciailcd.it\/it\/wp-json\/wp\/v2\/pages\/3","targetHints":{"allow":["GET"]}}],"collection":[{"href":"https:\/\/bilanciailcd.it\/it\/wp-json\/wp\/v2\/pages"}],"about":[{"href":"https:\/\/bilanciailcd.it\/it\/wp-json\/wp\/v2\/types\/page"}],"author":[{"embeddable":true,"href":"https:\/\/bilanciailcd.it\/it\/wp-json\/wp\/v2\/users\/1"}],"replies":[{"embeddable":true,"href":"https:\/\/bilanciailcd.it\/it\/wp-json\/wp\/v2\/comments?post=3"}],"version-history":[{"count":3,"href":"https:\/\/bilanciailcd.it\/it\/wp-json\/wp\/v2\/pages\/3\/revisions"}],"predecessor-version":[{"id":3505,"href":"https:\/\/bilanciailcd.it\/it\/wp-json\/wp\/v2\/pages\/3\/revisions\/3505"}],"wp:attachment":[{"href":"https:\/\/bilanciailcd.it\/it\/wp-json\/wp\/v2\/media?parent=3"}],"curies":[{"name":"wp","href":"https:\/\/api.w.org\/{rel}","templated":true}]}}